{"id":2651,"date":"2022-07-28T11:03:25","date_gmt":"2022-07-28T09:03:25","guid":{"rendered":"https:\/\/neu.rosswald-bahnen.ch\/rosswald\/hiver\/ski-snowboard\/"},"modified":"2024-02-23T17:01:25","modified_gmt":"2024-02-23T16:01:25","slug":"ski-snowboard","status":"publish","type":"page","link":"https:\/\/www.rosswald-bahnen.ch\/fr\/rosswald\/hiver\/ski-snowboard\/","title":{"rendered":"Ski &amp; Snowboard"},"content":{"rendered":"\n<style type=\"text\/css\" data-created_by=\"avia_inline_auto\" id=\"style-css-av-l3q0kq6p-add2846980da822f51ec021fb8a2f375\">\n.avia-section.av-l3q0kq6p-add2846980da822f51ec021fb8a2f375 .av-parallax .av-parallax-inner{\nbackground-repeat:no-repeat;\nbackground-image:url(https:\/\/www.rosswald-bahnen.ch\/wp-content\/uploads\/2022\/06\/49430627408_d97e527ac4_o-scaled.jpg);\nbackground-position:50% 100%;\nbackground-attachment:scroll;\n}\n#top .avia-section.av-l3q0kq6p-add2846980da822f51ec021fb8a2f375 .scroll-down-link{\ncolor:#b02b2c;\n}\n#top .avia-section.av-l3q0kq6p-add2846980da822f51ec021fb8a2f375 .scroll-down-link.avia-svg-icon svg:first-child{\nstroke:#b02b2c;\nfill:#b02b2c;\n}\n<\/style>\n<div id='av_section_1'  class='avia-section av-l3q0kq6p-add2846980da822f51ec021fb8a2f375 main_color avia-section-default avia-no-border-styling  avia-builder-el-0  el_before_av_heading  avia-builder-el-first  av-parallax-section avia-bg-style-parallax av-minimum-height av-minimum-height-50 av-height-50  container_wrap fullsize'  data-section-bg-repeat='no-repeat' data-av_minimum_height_pc='50' data-av_min_height_opt='50'><div class='av-parallax' data-avia-parallax-ratio='0.3' ><div class='av-parallax-inner main_color avia-full-stretch'><\/div><\/div><div class=\"av-section-color-overlay-wrap\"><a href='#next-section' title='' class='scroll-down-link av-custom-scroll-down-color avia-svg-icon avia-font-svg_entypo-fontello' data-av_svg_icon='down-open-mini' data-av_iconset='svg_entypo-fontello'><svg version=\"1.1\" xmlns=\"http:\/\/www.w3.org\/2000\/svg\" width=\"15\" height=\"32\" viewBox=\"0 0 15 32\" preserveAspectRatio=\"xMidYMid meet\" aria-labelledby='av-svg-title-1' aria-describedby='av-svg-desc-1' role=\"graphics-symbol\" aria-hidden=\"true\">\n<title id='av-svg-title-1'>Scroller vers la prochaine section<\/title>\n<desc id='av-svg-desc-1'>Scroller vers la prochaine section<\/desc>\n<path d=\"M12.96 12.16q0.704-0.832 1.536 0 0.832 0.704 0 1.536l-6.272 6.144q-0.704 0.704-1.536 0l-6.272-6.144q-0.832-0.832 0-1.536 0.768-0.768 1.6 0l5.44 4.992z\"><\/path>\n<\/svg><\/a><div class='container av-section-cont-open' ><main  role=\"main\" itemprop=\"mainContentOfPage\"  class='template-page content  av-content-full alpha units'><div class='post-entry post-entry-type-page post-entry-2651'><div class='entry-content-wrapper clearfix'><\/div><\/div><\/main><!-- close content main element --><\/div><\/div><\/div><div id='after_section_1'  class='main_color av_default_container_wrap container_wrap fullsize'  ><div class='container av-section-cont-open' ><div class='template-page content  av-content-full alpha units'><div class='post-entry post-entry-type-page post-entry-2651'><div class='entry-content-wrapper clearfix'>\n\n<style type=\"text\/css\" data-created_by=\"avia_inline_auto\" id=\"style-css-av-l3scwvmw-9905e7640098f9a72702bc2da47abc71\">\n#top .av-special-heading.av-l3scwvmw-9905e7640098f9a72702bc2da47abc71{\npadding-bottom:10px;\n}\nbody .av-special-heading.av-l3scwvmw-9905e7640098f9a72702bc2da47abc71 .av-special-heading-tag .heading-char{\nfont-size:25px;\n}\n.av-special-heading.av-l3scwvmw-9905e7640098f9a72702bc2da47abc71 .av-subheading{\nfont-size:15px;\n}\n<\/style>\n<div  class='av-special-heading av-l3scwvmw-9905e7640098f9a72702bc2da47abc71 av-special-heading-h1 blockquote elegant-quote elegant-centered  avia-builder-el-1  el_after_av_section  el_before_av_hr  avia-builder-el-first '><h1 class='av-special-heading-tag '  itemprop=\"headline\"  ><span class=\"heading-wrap\">Ski <span class='special_amp'>&amp;<\/span> Snowboard au Rosswald<\/span><\/h1><div class=\"special-heading-border\"><div class=\"special-heading-inner-border\"><\/div><\/div><\/div>\n\n<style type=\"text\/css\" data-created_by=\"avia_inline_auto\" id=\"style-css-av-l3scxgdq-43309ff15026e3ac8101e1a644ab7e01\">\n#top .hr.hr-invisible.av-l3scxgdq-43309ff15026e3ac8101e1a644ab7e01{\nheight:50px;\n}\n<\/style>\n<div  class='hr av-l3scxgdq-43309ff15026e3ac8101e1a644ab7e01 hr-invisible  avia-builder-el-2  el_after_av_heading  el_before_av_one_full '><span class='hr-inner '><span class=\"hr-inner-style\"><\/span><\/span><\/div>\n<div  class='flex_column av-2lfkp-92a17870cfabcc0b5ffa7a4ebcb57141 av_one_full  avia-builder-el-3  el_after_av_hr  el_before_av_section  avia-builder-el-last  first flex_column_div  '     ><section  class='av_textblock_section av-l47fl-2232d4fed578e8572f29f44786089fb3 '   itemscope=\"itemscope\" itemtype=\"https:\/\/schema.org\/CreativeWork\" ><div class='avia_textblock'  itemprop=\"text\" ><nav class=\"nav\">\n<ul id=\"position\"><\/ul>\n<\/nav>\n<div class=\"fwelement fwtitle fwtitle1 \">\n<h2>Skier sur la terrasse ensoleill\u00e9e<\/h2>\n<\/div>\n<div class=\"fwelement fwtext fwtext0 \">\n<p>Le Rosswald est un domaine skiable familial id\u00e9al qui offre de la vari\u00e9t\u00e9 aux connaisseurs et aux experts de tous niveaux. Quatre remont\u00e9es m\u00e9caniques jusqu&rsquo;\u00e0 2600 m\u00e8tres, 25 kilom\u00e8tres de pistes parfaitement pr\u00e9par\u00e9es font de chaque jour de neige un jour de joie &#8211; d&rsquo;autant plus que de nombreux sommets valaisans ennoblissent le panorama incomparable.<\/p>\n<p>Les pistes commencent directement devant la maison de vacances et ceux qui le souhaitent peuvent construire un igloo ou d&rsquo;amusantes figures de neige dans le jardin enneig\u00e9 du chalet le soir.<\/p>\n<\/div>\n<\/div><\/section><\/div><\/div><\/div><\/div><!-- close content main div --><\/div><\/div><div id='av_section_2'  class='avia-section av-6n0329-b591fc49063e41f06f39462af1213124 main_color avia-section-small avia-no-border-styling  avia-builder-el-5  el_after_av_one_full  avia-builder-el-last  avia-bg-style-scroll container_wrap fullsize'  ><div class='container av-section-cont-open' ><div class='template-page content  av-content-full alpha units'><div class='post-entry post-entry-type-page post-entry-2651'><div class='entry-content-wrapper clearfix'>\n<section  class='av_textblock_section av-l3q11w4g-311a1a946642fc5b59db9a59af094234 '   itemscope=\"itemscope\" itemtype=\"https:\/\/schema.org\/CreativeWork\" ><div class='avia_textblock'  itemprop=\"text\" ><h2>les pistes de ski<\/h2>\n<\/div><\/section>\n<div  class='flex_column av-140w69-33470a0f6762ee4c32e39b1af139a522 av_one_half  avia-builder-el-7  el_after_av_textblock  el_before_av_one_half  first flex_column_div  column-top-margin'     ><style type=\"text\/css\" data-created_by=\"avia_inline_auto\" id=\"style-css-av-l3sd86gh-614cdd5301378a98464d9d35f0c89aaa\">\n.avia-image-container.av-l3sd86gh-614cdd5301378a98464d9d35f0c89aaa img.avia_image{\nbox-shadow:none;\n}\n.avia-image-container.av-l3sd86gh-614cdd5301378a98464d9d35f0c89aaa .av-image-caption-overlay-center{\ncolor:#ffffff;\n}\n<\/style>\n<div  class='avia-image-container av-l3sd86gh-614cdd5301378a98464d9d35f0c89aaa av-styling- av-img-linked avia-align-center  avia-builder-el-8  avia-builder-el-no-sibling '   itemprop=\"image\" itemscope=\"itemscope\" itemtype=\"https:\/\/schema.org\/ImageObject\" ><div class=\"avia-image-container-inner\"><div class=\"avia-image-overlay-wrap\"><a href=\"https:\/\/www.rosswald-bahnen.ch\/wp-content\/uploads\/2022\/06\/panoramakarterosswald_winter-1030x1030.jpg\" data-srcset=\"https:\/\/www.rosswald-bahnen.ch\/wp-content\/uploads\/2022\/06\/panoramakarterosswald_winter-1030x1030.jpg 1030w, https:\/\/www.rosswald-bahnen.ch\/wp-content\/uploads\/2022\/06\/panoramakarterosswald_winter-768x768.jpg 768w, https:\/\/www.rosswald-bahnen.ch\/wp-content\/uploads\/2022\/06\/panoramakarterosswald_winter-80x80.jpg 80w, https:\/\/www.rosswald-bahnen.ch\/wp-content\/uploads\/2022\/06\/panoramakarterosswald_winter-1536x1536.jpg 1536w, https:\/\/www.rosswald-bahnen.ch\/wp-content\/uploads\/2022\/06\/panoramakarterosswald_winter-2048x2048.jpg 2048w, https:\/\/www.rosswald-bahnen.ch\/wp-content\/uploads\/2022\/06\/panoramakarterosswald_winter-36x36.jpg 36w, https:\/\/www.rosswald-bahnen.ch\/wp-content\/uploads\/2022\/06\/panoramakarterosswald_winter-180x180.jpg 180w, https:\/\/www.rosswald-bahnen.ch\/wp-content\/uploads\/2022\/06\/panoramakarterosswald_winter-1500x1500.jpg 1500w, https:\/\/www.rosswald-bahnen.ch\/wp-content\/uploads\/2022\/06\/panoramakarterosswald_winter-705x705.jpg 705w\" data-sizes=\"(max-width: 1030px) 100vw, 1030px\" class='avia_image '  aria-label='Pistenplan Rosswald'><img decoding=\"async\" loading=\"lazy\" class='wp-image-717 avia-img-lazy-loading-717 avia_image ' src=\"https:\/\/www.rosswald-bahnen.ch\/wp-content\/uploads\/2022\/06\/panoramakarterosswald_winter-1030x1030.jpg\" alt='Pistenplan' title='Pistenplan Rosswald'  height=\"1030\" width=\"1030\"  itemprop=\"thumbnailUrl\" srcset=\"https:\/\/www.rosswald-bahnen.ch\/wp-content\/uploads\/2022\/06\/panoramakarterosswald_winter-1030x1030.jpg 1030w, https:\/\/www.rosswald-bahnen.ch\/wp-content\/uploads\/2022\/06\/panoramakarterosswald_winter-768x768.jpg 768w, https:\/\/www.rosswald-bahnen.ch\/wp-content\/uploads\/2022\/06\/panoramakarterosswald_winter-80x80.jpg 80w, https:\/\/www.rosswald-bahnen.ch\/wp-content\/uploads\/2022\/06\/panoramakarterosswald_winter-1536x1536.jpg 1536w, https:\/\/www.rosswald-bahnen.ch\/wp-content\/uploads\/2022\/06\/panoramakarterosswald_winter-2048x2048.jpg 2048w, https:\/\/www.rosswald-bahnen.ch\/wp-content\/uploads\/2022\/06\/panoramakarterosswald_winter-36x36.jpg 36w, https:\/\/www.rosswald-bahnen.ch\/wp-content\/uploads\/2022\/06\/panoramakarterosswald_winter-180x180.jpg 180w, https:\/\/www.rosswald-bahnen.ch\/wp-content\/uploads\/2022\/06\/panoramakarterosswald_winter-1500x1500.jpg 1500w, https:\/\/www.rosswald-bahnen.ch\/wp-content\/uploads\/2022\/06\/panoramakarterosswald_winter-705x705.jpg 705w\" sizes=\"auto, (max-width: 1030px) 100vw, 1030px\" \/><\/a><\/div><\/div><\/div><\/div><div  id=\"pistenplan\"  class='flex_column av-yxzap-bd217562caf0f25ee44760074d9d6033 av_one_half  avia-builder-el-9  el_after_av_one_half  avia-builder-el-last  flex_column_div  column-top-margin'     ><section  class='av_textblock_section av-l3sdiyhz-f8780d6efd3c292c96960284dbd2b276 '   itemscope=\"itemscope\" itemtype=\"https:\/\/schema.org\/CreativeWork\" ><div class='avia_textblock'  itemprop=\"text\" ><h3>Plan des pistes<\/h3>\n<p>Sur le plan des pistes, vous trouverez:<\/p>\n<ul>\n<li>Pistes de ski<\/li>\n<li>Pistes de luge<\/li>\n<li>Sentiers d&rsquo;hiver<\/li>\n<li>Restaurants\/Hotel<\/li>\n<li>Kidspark<\/li>\n<\/ul>\n<h3>Plan interactif des pistes<\/h3>\n<p>Consultez ici l&rsquo;\u00e9tat actuel des pistes et des installations.<\/p>\n<\/div><\/section><br \/>\n<div  class='avia-button-wrap av-l42jq4pd-87f5aa049c222535e3d40d9dbbe88299-wrap avia-button-left  avia-builder-el-11  el_after_av_textblock  el_before_av_hr '>\n<style type=\"text\/css\" data-created_by=\"avia_inline_auto\" id=\"style-css-av-l42jq4pd-87f5aa049c222535e3d40d9dbbe88299\">\n#top #wrap_all .avia-button.av-l42jq4pd-87f5aa049c222535e3d40d9dbbe88299:hover{\ncolor:white;\ntransition:all 0.4s ease-in-out;\n}\n#top #wrap_all .avia-button.av-l42jq4pd-87f5aa049c222535e3d40d9dbbe88299:hover .avia-svg-icon svg:first-child{\nfill:white;\nstroke:white;\n}\n<\/style>\n<a href='http:\/\/infosnow.ch\/~apgmontagne\/?id=224&amp;tab=map-wi'  class='avia-button av-l42jq4pd-87f5aa049c222535e3d40d9dbbe88299 av-link-btn avia-icon_select-yes-left-icon avia-size-medium avia-position-left avia-color-red avia-font-color-theme-color'  target=\"_blank\"  rel=\"noopener noreferrer\"  aria-label=\"plan interactif des pistes\"><span class='avia_button_icon avia_button_icon_left avia-iconfont avia-font-entypo-fontello' data-av_icon='\ue84b' data-av_iconfont='entypo-fontello' ><\/span><span class='avia_iconbox_title' >plan interactif des pistes<\/span><span class='avia_button_background avia-button avia-color-theme-color-highlight' ><\/span><\/a><\/div><br \/>\n\n<style type=\"text\/css\" data-created_by=\"avia_inline_auto\" id=\"style-css-av-l42jqwux-21e2322f6d26c8142290337414bde32d\">\n#top .hr.hr-invisible.av-l42jqwux-21e2322f6d26c8142290337414bde32d{\nheight:50px;\n}\n<\/style>\n<div  class='hr av-l42jqwux-21e2322f6d26c8142290337414bde32d hr-invisible  avia-builder-el-12  el_after_av_button  el_before_av_textblock '><span class='hr-inner '><span class=\"hr-inner-style\"><\/span><\/span><\/div><br \/>\n<section  class='av_textblock_section av-l42jp4fj-37c6e3fea48487d85261c872ecfb67f2 '   itemscope=\"itemscope\" itemtype=\"https:\/\/schema.org\/CreativeWork\" ><div class='avia_textblock'  itemprop=\"text\" ><p>Vous pouvez t\u00e9l\u00e9charger le plan des pistes au format PDF.<\/p>\n<\/div><\/section><br \/>\n<div  class='avia-button-wrap av-l3sdjyxr-94e1f399c54ffe813307379afb174390-wrap avia-button-left  avia-builder-el-14  el_after_av_textblock  avia-builder-el-last '>\n<style type=\"text\/css\" data-created_by=\"avia_inline_auto\" id=\"style-css-av-l3sdjyxr-94e1f399c54ffe813307379afb174390\">\n#top #wrap_all .avia-button.av-l3sdjyxr-94e1f399c54ffe813307379afb174390:hover{\ncolor:white;\ntransition:all 0.4s ease-in-out;\n}\n#top #wrap_all .avia-button.av-l3sdjyxr-94e1f399c54ffe813307379afb174390:hover .avia-svg-icon svg:first-child{\nfill:white;\nstroke:white;\n}\n<\/style>\n<a href='https:\/\/www.rosswald-bahnen.ch\/wp-content\/uploads\/2022\/06\/panoramakarterosswald_winter.pdf'  class='avia-button av-l3sdjyxr-94e1f399c54ffe813307379afb174390 av-link-btn avia-icon_select-yes-left-icon avia-size-medium avia-position-left avia-color-red avia-font-color-theme-color'   aria-label=\"Plan des pistes (pdf)\"><span class='avia_button_icon avia_button_icon_left avia-iconfont avia-font-entypo-fontello' data-av_icon='\ue84b' data-av_iconfont='entypo-fontello' ><\/span><span class='avia_iconbox_title' >Plan des pistes (pdf)<\/span><span class='avia_button_background avia-button avia-color-theme-color-highlight' ><\/span><\/a><\/div><\/p><\/div>\n<\/p>\n","protected":false},"excerpt":{"rendered":"","protected":false},"author":4,"featured_media":696,"parent":2648,"menu_order":0,"comment_status":"closed","ping_status":"closed","template":"","meta":{"footnotes":"","_links_to":"","_links_to_target":""},"class_list":["post-2651","page","type-page","status-publish","has-post-thumbnail","hentry"],"yoast_head":"<!-- This site is optimized with the Yoast SEO plugin v27.5 - https:\/\/yoast.com\/product\/yoast-seo-wordpress\/ -->\n<title>Ski &amp; Snowboard - Rosswald Bahnen<\/title>\n<meta name=\"description\" content=\"Le Rosswald est un domaine skiable familial id\u00e9al qui offre de la vari\u00e9t\u00e9 aux connaisseurs et aux experts de tous niveaux.\" \/>\n<meta name=\"robots\" content=\"index, follow, max-snippet:-1, max-image-preview:large, max-video-preview:-1\" \/>\n<link rel=\"canonical\" href=\"https:\/\/www.rosswald-bahnen.ch\/fr\/rosswald\/hiver\/ski-snowboard\/\" \/>\n<meta property=\"og:locale\" content=\"fr_FR\" \/>\n<meta property=\"og:type\" content=\"article\" \/>\n<meta property=\"og:title\" content=\"Ski &amp; Snowboard - Rosswald Bahnen\" \/>\n<meta property=\"og:description\" content=\"Le Rosswald est un domaine skiable familial id\u00e9al qui offre de la vari\u00e9t\u00e9 aux connaisseurs et aux experts de tous niveaux.\" \/>\n<meta property=\"og:url\" content=\"https:\/\/www.rosswald-bahnen.ch\/fr\/rosswald\/hiver\/ski-snowboard\/\" \/>\n<meta property=\"og:site_name\" content=\"Rosswald Bahnen\" \/>\n<meta property=\"article:publisher\" content=\"https:\/\/www.facebook.com\/rosswald.wallis\/\" \/>\n<meta property=\"article:modified_time\" content=\"2024-02-23T16:01:25+00:00\" \/>\n<meta property=\"og:image\" content=\"https:\/\/www.rosswald-bahnen.ch\/wp-content\/uploads\/2022\/06\/49430627408_d97e527ac4_o-1030x687.jpg\" \/>\n\t<meta property=\"og:image:width\" content=\"1030\" \/>\n\t<meta property=\"og:image:height\" content=\"687\" \/>\n\t<meta property=\"og:image:type\" content=\"image\/jpeg\" \/>\n<meta name=\"twitter:card\" content=\"summary_large_image\" \/>\n<meta name=\"twitter:label1\" content=\"Dur\u00e9e de lecture estim\u00e9e\" \/>\n\t<meta name=\"twitter:data1\" content=\"12 minutes\" \/>\n<script type=\"application\/ld+json\" class=\"yoast-schema-graph\">{\"@context\":\"https:\\\/\\\/schema.org\",\"@graph\":[{\"@type\":\"WebPage\",\"@id\":\"https:\\\/\\\/www.rosswald-bahnen.ch\\\/fr\\\/rosswald\\\/hiver\\\/ski-snowboard\\\/\",\"url\":\"https:\\\/\\\/www.rosswald-bahnen.ch\\\/fr\\\/rosswald\\\/hiver\\\/ski-snowboard\\\/\",\"name\":\"Ski &amp; Snowboard - Rosswald Bahnen\",\"isPartOf\":{\"@id\":\"https:\\\/\\\/www.rosswald-bahnen.ch\\\/#website\"},\"primaryImageOfPage\":{\"@id\":\"https:\\\/\\\/www.rosswald-bahnen.ch\\\/fr\\\/rosswald\\\/hiver\\\/ski-snowboard\\\/#primaryimage\"},\"image\":{\"@id\":\"https:\\\/\\\/www.rosswald-bahnen.ch\\\/fr\\\/rosswald\\\/hiver\\\/ski-snowboard\\\/#primaryimage\"},\"thumbnailUrl\":\"https:\\\/\\\/www.rosswald-bahnen.ch\\\/wp-content\\\/uploads\\\/2022\\\/06\\\/49430627408_d97e527ac4_o-scaled.jpg\",\"datePublished\":\"2022-07-28T09:03:25+00:00\",\"dateModified\":\"2024-02-23T16:01:25+00:00\",\"description\":\"Le Rosswald est un domaine skiable familial id\u00e9al qui offre de la vari\u00e9t\u00e9 aux connaisseurs et aux experts de tous niveaux.\",\"breadcrumb\":{\"@id\":\"https:\\\/\\\/www.rosswald-bahnen.ch\\\/fr\\\/rosswald\\\/hiver\\\/ski-snowboard\\\/#breadcrumb\"},\"inLanguage\":\"fr-FR\",\"potentialAction\":[{\"@type\":\"ReadAction\",\"target\":[\"https:\\\/\\\/www.rosswald-bahnen.ch\\\/fr\\\/rosswald\\\/hiver\\\/ski-snowboard\\\/\"]}]},{\"@type\":\"ImageObject\",\"inLanguage\":\"fr-FR\",\"@id\":\"https:\\\/\\\/www.rosswald-bahnen.ch\\\/fr\\\/rosswald\\\/hiver\\\/ski-snowboard\\\/#primaryimage\",\"url\":\"https:\\\/\\\/www.rosswald-bahnen.ch\\\/wp-content\\\/uploads\\\/2022\\\/06\\\/49430627408_d97e527ac4_o-scaled.jpg\",\"contentUrl\":\"https:\\\/\\\/www.rosswald-bahnen.ch\\\/wp-content\\\/uploads\\\/2022\\\/06\\\/49430627408_d97e527ac4_o-scaled.jpg\",\"width\":2560,\"height\":1707,\"caption\":\"Die Alpe Rosswald im Wallis, Skifahren, Winterwandern, Schneeschuhlaufen, Panorama, Sonne, Ruhe, Erholung\"},{\"@type\":\"BreadcrumbList\",\"@id\":\"https:\\\/\\\/www.rosswald-bahnen.ch\\\/fr\\\/rosswald\\\/hiver\\\/ski-snowboard\\\/#breadcrumb\",\"itemListElement\":[{\"@type\":\"ListItem\",\"position\":1,\"name\":\"Startseite\",\"item\":\"https:\\\/\\\/www.rosswald-bahnen.ch\\\/fr\\\/\"},{\"@type\":\"ListItem\",\"position\":2,\"name\":\"Rosswald\",\"item\":\"https:\\\/\\\/www.rosswald-bahnen.ch\\\/fr\\\/\"},{\"@type\":\"ListItem\",\"position\":3,\"name\":\"Hiver\",\"item\":\"https:\\\/\\\/www.rosswald-bahnen.ch\\\/fr\\\/rosswald\\\/hiver\\\/\"},{\"@type\":\"ListItem\",\"position\":4,\"name\":\"Ski &amp; Snowboard\"}]},{\"@type\":\"WebSite\",\"@id\":\"https:\\\/\\\/www.rosswald-bahnen.ch\\\/#website\",\"url\":\"https:\\\/\\\/www.rosswald-bahnen.ch\\\/\",\"name\":\"Rosswald Bahnen\",\"description\":\"\",\"publisher\":{\"@id\":\"https:\\\/\\\/www.rosswald-bahnen.ch\\\/#organization\"},\"potentialAction\":[{\"@type\":\"SearchAction\",\"target\":{\"@type\":\"EntryPoint\",\"urlTemplate\":\"https:\\\/\\\/www.rosswald-bahnen.ch\\\/?s={search_term_string}\"},\"query-input\":{\"@type\":\"PropertyValueSpecification\",\"valueRequired\":true,\"valueName\":\"search_term_string\"}}],\"inLanguage\":\"fr-FR\"},{\"@type\":\"Organization\",\"@id\":\"https:\\\/\\\/www.rosswald-bahnen.ch\\\/#organization\",\"name\":\"Rosswald Bahnen\",\"url\":\"https:\\\/\\\/www.rosswald-bahnen.ch\\\/\",\"logo\":{\"@type\":\"ImageObject\",\"inLanguage\":\"fr-FR\",\"@id\":\"https:\\\/\\\/www.rosswald-bahnen.ch\\\/#\\\/schema\\\/logo\\\/image\\\/\",\"url\":\"https:\\\/\\\/www.rosswald-bahnen.ch\\\/wp-content\\\/uploads\\\/2022\\\/05\\\/rosswaldbahnen-logo.png\",\"contentUrl\":\"https:\\\/\\\/www.rosswald-bahnen.ch\\\/wp-content\\\/uploads\\\/2022\\\/05\\\/rosswaldbahnen-logo.png\",\"width\":266,\"height\":84,\"caption\":\"Rosswald Bahnen\"},\"image\":{\"@id\":\"https:\\\/\\\/www.rosswald-bahnen.ch\\\/#\\\/schema\\\/logo\\\/image\\\/\"},\"sameAs\":[\"https:\\\/\\\/www.facebook.com\\\/rosswald.wallis\\\/\"]}]}<\/script>\n<!-- \/ Yoast SEO plugin. -->","yoast_head_json":{"title":"Ski &amp; Snowboard - Rosswald Bahnen","description":"Le Rosswald est un domaine skiable familial id\u00e9al qui offre de la vari\u00e9t\u00e9 aux connaisseurs et aux experts de tous niveaux.","robots":{"index":"index","follow":"follow","max-snippet":"max-snippet:-1","max-image-preview":"max-image-preview:large","max-video-preview":"max-video-preview:-1"},"canonical":"https:\/\/www.rosswald-bahnen.ch\/fr\/rosswald\/hiver\/ski-snowboard\/","og_locale":"fr_FR","og_type":"article","og_title":"Ski &amp; Snowboard - Rosswald Bahnen","og_description":"Le Rosswald est un domaine skiable familial id\u00e9al qui offre de la vari\u00e9t\u00e9 aux connaisseurs et aux experts de tous niveaux.","og_url":"https:\/\/www.rosswald-bahnen.ch\/fr\/rosswald\/hiver\/ski-snowboard\/","og_site_name":"Rosswald Bahnen","article_publisher":"https:\/\/www.facebook.com\/rosswald.wallis\/","article_modified_time":"2024-02-23T16:01:25+00:00","og_image":[{"width":1030,"height":687,"url":"https:\/\/www.rosswald-bahnen.ch\/wp-content\/uploads\/2022\/06\/49430627408_d97e527ac4_o-1030x687.jpg","type":"image\/jpeg"}],"twitter_card":"summary_large_image","twitter_misc":{"Dur\u00e9e de lecture estim\u00e9e":"12 minutes"},"schema":{"@context":"https:\/\/schema.org","@graph":[{"@type":"WebPage","@id":"https:\/\/www.rosswald-bahnen.ch\/fr\/rosswald\/hiver\/ski-snowboard\/","url":"https:\/\/www.rosswald-bahnen.ch\/fr\/rosswald\/hiver\/ski-snowboard\/","name":"Ski &amp; Snowboard - Rosswald Bahnen","isPartOf":{"@id":"https:\/\/www.rosswald-bahnen.ch\/#website"},"primaryImageOfPage":{"@id":"https:\/\/www.rosswald-bahnen.ch\/fr\/rosswald\/hiver\/ski-snowboard\/#primaryimage"},"image":{"@id":"https:\/\/www.rosswald-bahnen.ch\/fr\/rosswald\/hiver\/ski-snowboard\/#primaryimage"},"thumbnailUrl":"https:\/\/www.rosswald-bahnen.ch\/wp-content\/uploads\/2022\/06\/49430627408_d97e527ac4_o-scaled.jpg","datePublished":"2022-07-28T09:03:25+00:00","dateModified":"2024-02-23T16:01:25+00:00","description":"Le Rosswald est un domaine skiable familial id\u00e9al qui offre de la vari\u00e9t\u00e9 aux connaisseurs et aux experts de tous niveaux.","breadcrumb":{"@id":"https:\/\/www.rosswald-bahnen.ch\/fr\/rosswald\/hiver\/ski-snowboard\/#breadcrumb"},"inLanguage":"fr-FR","potentialAction":[{"@type":"ReadAction","target":["https:\/\/www.rosswald-bahnen.ch\/fr\/rosswald\/hiver\/ski-snowboard\/"]}]},{"@type":"ImageObject","inLanguage":"fr-FR","@id":"https:\/\/www.rosswald-bahnen.ch\/fr\/rosswald\/hiver\/ski-snowboard\/#primaryimage","url":"https:\/\/www.rosswald-bahnen.ch\/wp-content\/uploads\/2022\/06\/49430627408_d97e527ac4_o-scaled.jpg","contentUrl":"https:\/\/www.rosswald-bahnen.ch\/wp-content\/uploads\/2022\/06\/49430627408_d97e527ac4_o-scaled.jpg","width":2560,"height":1707,"caption":"Die Alpe Rosswald im Wallis, Skifahren, Winterwandern, Schneeschuhlaufen, Panorama, Sonne, Ruhe, Erholung"},{"@type":"BreadcrumbList","@id":"https:\/\/www.rosswald-bahnen.ch\/fr\/rosswald\/hiver\/ski-snowboard\/#breadcrumb","itemListElement":[{"@type":"ListItem","position":1,"name":"Startseite","item":"https:\/\/www.rosswald-bahnen.ch\/fr\/"},{"@type":"ListItem","position":2,"name":"Rosswald","item":"https:\/\/www.rosswald-bahnen.ch\/fr\/"},{"@type":"ListItem","position":3,"name":"Hiver","item":"https:\/\/www.rosswald-bahnen.ch\/fr\/rosswald\/hiver\/"},{"@type":"ListItem","position":4,"name":"Ski &amp; Snowboard"}]},{"@type":"WebSite","@id":"https:\/\/www.rosswald-bahnen.ch\/#website","url":"https:\/\/www.rosswald-bahnen.ch\/","name":"Rosswald Bahnen","description":"","publisher":{"@id":"https:\/\/www.rosswald-bahnen.ch\/#organization"},"potentialAction":[{"@type":"SearchAction","target":{"@type":"EntryPoint","urlTemplate":"https:\/\/www.rosswald-bahnen.ch\/?s={search_term_string}"},"query-input":{"@type":"PropertyValueSpecification","valueRequired":true,"valueName":"search_term_string"}}],"inLanguage":"fr-FR"},{"@type":"Organization","@id":"https:\/\/www.rosswald-bahnen.ch\/#organization","name":"Rosswald Bahnen","url":"https:\/\/www.rosswald-bahnen.ch\/","logo":{"@type":"ImageObject","inLanguage":"fr-FR","@id":"https:\/\/www.rosswald-bahnen.ch\/#\/schema\/logo\/image\/","url":"https:\/\/www.rosswald-bahnen.ch\/wp-content\/uploads\/2022\/05\/rosswaldbahnen-logo.png","contentUrl":"https:\/\/www.rosswald-bahnen.ch\/wp-content\/uploads\/2022\/05\/rosswaldbahnen-logo.png","width":266,"height":84,"caption":"Rosswald Bahnen"},"image":{"@id":"https:\/\/www.rosswald-bahnen.ch\/#\/schema\/logo\/image\/"},"sameAs":["https:\/\/www.facebook.com\/rosswald.wallis\/"]}]}},"_links":{"self":[{"href":"https:\/\/www.rosswald-bahnen.ch\/fr\/wp-json\/wp\/v2\/pages\/2651","targetHints":{"allow":["GET"]}}],"collection":[{"href":"https:\/\/www.rosswald-bahnen.ch\/fr\/wp-json\/wp\/v2\/pages"}],"about":[{"href":"https:\/\/www.rosswald-bahnen.ch\/fr\/wp-json\/wp\/v2\/types\/page"}],"author":[{"embeddable":true,"href":"https:\/\/www.rosswald-bahnen.ch\/fr\/wp-json\/wp\/v2\/users\/4"}],"replies":[{"embeddable":true,"href":"https:\/\/www.rosswald-bahnen.ch\/fr\/wp-json\/wp\/v2\/comments?post=2651"}],"version-history":[{"count":8,"href":"https:\/\/www.rosswald-bahnen.ch\/fr\/wp-json\/wp\/v2\/pages\/2651\/revisions"}],"predecessor-version":[{"id":4985,"href":"https:\/\/www.rosswald-bahnen.ch\/fr\/wp-json\/wp\/v2\/pages\/2651\/revisions\/4985"}],"up":[{"embeddable":true,"href":"https:\/\/www.rosswald-bahnen.ch\/fr\/wp-json\/wp\/v2\/pages\/2648"}],"wp:featuredmedia":[{"embeddable":true,"href":"https:\/\/www.rosswald-bahnen.ch\/fr\/wp-json\/wp\/v2\/media\/696"}],"wp:attachment":[{"href":"https:\/\/www.rosswald-bahnen.ch\/fr\/wp-json\/wp\/v2\/media?parent=2651"}],"curies":[{"name":"wp","href":"https:\/\/api.w.org\/{rel}","templated":true}]}}