{"id":2584,"date":"2022-07-27T14:35:34","date_gmt":"2022-07-27T12:35:34","guid":{"rendered":"https:\/\/neu.rosswald-bahnen.ch\/webcams\/"},"modified":"2026-01-23T16:39:41","modified_gmt":"2026-01-23T15:39:41","slug":"webcams","status":"publish","type":"page","link":"https:\/\/www.rosswald-bahnen.ch\/fr\/webcams\/","title":{"rendered":"Webcams"},"content":{"rendered":"<div id='av_section_1'  class='avia-section av-kbufzd3s-dd428f854b73db9c732bdb3b761e163e main_color avia-section-default avia-shadow  avia-builder-el-0  avia-builder-el-no-sibling  avia-bg-style-scroll container_wrap fullsize'  ><div class='container av-section-cont-open' ><main  role=\"main\" itemprop=\"mainContentOfPage\"  class='template-page content  av-content-full alpha units'><div class='post-entry post-entry-type-page post-entry-2584'><div class='entry-content-wrapper clearfix'>\n\n<style type=\"text\/css\" data-created_by=\"avia_inline_auto\" id=\"style-css-av-38q1-59d4a1d61c1719c885de0a85685ce4ed\">\n.flex_column.av-38q1-59d4a1d61c1719c885de0a85685ce4ed{\nborder-radius:0px 0px 0px 0px;\npadding:0px 0px 0px 0px;\n}\n<\/style>\n<div  class='flex_column av-38q1-59d4a1d61c1719c885de0a85685ce4ed av_one_full  avia-builder-el-1  el_before_av_one_third  avia-builder-el-first  first flex_column_div av-zero-column-padding  '     ><section  class='av_textblock_section av-jxk41cbl-efdbf0bf3e716cdc661fb25a9873675c '   itemscope=\"itemscope\" itemtype=\"https:\/\/schema.org\/CreativeWork\" ><div class='avia_textblock'  itemprop=\"text\" ><h1>Webcams<\/h1>\n<\/div><\/section><\/div>\n<style type=\"text\/css\" data-created_by=\"avia_inline_auto\" id=\"style-css-av-1fioy-5bdb22620cb386e2b5581213b369d3a2\">\n#top .flex_column.av-1fioy-5bdb22620cb386e2b5581213b369d3a2{\nmargin-top:0px;\nmargin-bottom:0px;\n}\n.flex_column.av-1fioy-5bdb22620cb386e2b5581213b369d3a2{\nwidth:29.333333333333%;\n}\n.responsive #top #wrap_all .flex_column.av-1fioy-5bdb22620cb386e2b5581213b369d3a2{\nmargin-top:0px;\nmargin-bottom:0px;\n}\n<\/style>\n<div  class='flex_column av-1fioy-5bdb22620cb386e2b5581213b369d3a2 av_one_third  avia-builder-el-3  el_after_av_one_full  el_before_av_one_third  first flex_column_div  column-top-margin'     ><div  class='avia-builder-widget-area clearfix  avia-builder-el-4  avia-builder-el-no-sibling '><div id=\"media_image-8\" class=\"widget clearfix widget_media_image\"><h3 class=\"widgettitle\">Webcam Rosswald 360\u00b0<\/h3><a href=\"https:\/\/brigtourismus.roundshot.com\/rosswald\/\" target=\"_blank\"><img loading=\"lazy\" decoding=\"async\" class=\"image \" src=\"https:\/\/backend.roundshot.com\/cams\/e686eacea6ff5cab389ceed480a6a81f\/centerprev\" alt=\"360\u00b0 Webcam Rosswald\" width=\"630\" height=\"450\" \/><\/a><\/div><\/div><\/div>\n<style type=\"text\/css\" data-created_by=\"avia_inline_auto\" id=\"style-css-av-1ls8e-811b956ae9f8f035ce44f3c90e0366b7\">\n#top .flex_column.av-1ls8e-811b956ae9f8f035ce44f3c90e0366b7{\nmargin-top:0px;\nmargin-bottom:0px;\n}\n.flex_column.av-1ls8e-811b956ae9f8f035ce44f3c90e0366b7{\nwidth:29.333333333333%;\nmargin-left:6%;\n}\n.responsive #top #wrap_all .flex_column.av-1ls8e-811b956ae9f8f035ce44f3c90e0366b7{\nmargin-top:0px;\nmargin-bottom:0px;\n}\n<\/style>\n<div  class='flex_column av-1ls8e-811b956ae9f8f035ce44f3c90e0366b7 av_one_third  avia-builder-el-5  el_after_av_one_third  el_before_av_one_third  flex_column_div  column-top-margin'     ><div  class='avia-builder-widget-area clearfix  avia-builder-el-6  avia-builder-el-no-sibling '><div id=\"media_image-7\" class=\"widget clearfix widget_media_image\"><h3 class=\"widgettitle\">Rosswald Kidspark<\/h3><a href=\"https:\/\/www.rosswald-bahnen.ch\/webcam\/kidspark.jpg\" target=\"_blank\"><img loading=\"lazy\" decoding=\"async\" class=\"image \" src=\"https:\/\/www.rosswald-bahnen.ch\/webcam\/kidspark.jpg\" alt=\"\" width=\"1280\" height=\"960\" \/><\/a><\/div><\/div><\/div>\n<style type=\"text\/css\" data-created_by=\"avia_inline_auto\" id=\"style-css-av-l3k7hg78-195a6684aabfc0d47bf7464ffb5b1c5e\">\n#top .flex_column.av-l3k7hg78-195a6684aabfc0d47bf7464ffb5b1c5e{\nmargin-top:0px;\nmargin-bottom:0px;\n}\n.flex_column.av-l3k7hg78-195a6684aabfc0d47bf7464ffb5b1c5e{\nwidth:29.333333333333%;\nmargin-left:6%;\n}\n.responsive #top #wrap_all .flex_column.av-l3k7hg78-195a6684aabfc0d47bf7464ffb5b1c5e{\nmargin-top:0px;\nmargin-bottom:0px;\n}\n<\/style>\n<div  class='flex_column av-l3k7hg78-195a6684aabfc0d47bf7464ffb5b1c5e av_one_third  avia-builder-el-7  el_after_av_one_third  el_before_av_hr  flex_column_div  column-top-margin'     ><div  class='avia-builder-widget-area clearfix  avia-builder-el-8  avia-builder-el-no-sibling '><div id=\"media_image-2\" class=\"widget clearfix widget_media_image\"><h3 class=\"widgettitle\">Rosswald Doppellift<\/h3><a href=\"http:\/\/www.rosswald-bahnen.ch\/webcam\/doppellift.jpg\" target=\"_blank\"><img loading=\"lazy\" decoding=\"async\" class=\"image \" src=\"http:\/\/www.rosswald-bahnen.ch\/webcam\/doppellift.jpg\" alt=\"\" width=\"1280\" height=\"960\" \/><\/a><\/div><\/div><\/div>\n<style type=\"text\/css\" data-created_by=\"avia_inline_auto\" id=\"style-css-av-m6wf3p9f-94ecd00d29c70028402e62b916dc50cf\">\n#top .hr.hr-invisible.av-m6wf3p9f-94ecd00d29c70028402e62b916dc50cf{\nheight:50px;\n}\n<\/style>\n<div  class='hr av-m6wf3p9f-94ecd00d29c70028402e62b916dc50cf hr-invisible  avia-builder-el-9  el_after_av_one_third  el_before_av_one_third '><span class='hr-inner '><span class=\"hr-inner-style\"><\/span><\/span><\/div>\n<div  class='flex_column av-5ug7y-6639f3cd11a11bd8a6fb445b4e8a2205 av_one_third  avia-builder-el-10  el_after_av_hr  el_before_av_one_third  first flex_column_div  '     ><div  class='avia-builder-widget-area clearfix  avia-builder-el-11  avia-builder-el-no-sibling '><div id=\"media_image-3\" class=\"widget clearfix widget_media_image\"><h3 class=\"widgettitle\">Rosswald Fleschboden<\/h3><a href=\"https:\/\/meteo-oberwallis.ch\/webcam\/rosswald\/fleschbodu.php\" target=\"_blank\"><img loading=\"lazy\" decoding=\"async\" class=\"image \" src=\"https:\/\/meteo-oberwallis.ch\/webcam\/rosswald\/fleschbodu.php\" alt=\"\" width=\"1920\" height=\"1080\" \/><\/a><\/div><\/div><\/div><div  class='flex_column av-4qc8m-ef32788d521633555992066ecc4c22b6 av_one_third  avia-builder-el-12  el_after_av_one_third  el_before_av_one_third  flex_column_div  '     ><div  class='avia-builder-widget-area clearfix  avia-builder-el-13  avia-builder-el-no-sibling '><div id=\"media_image-4\" class=\"widget clearfix widget_media_image\"><h3 class=\"widgettitle\">Rosswald Kl\u00e4na-Lift<\/h3><a href=\"https:\/\/meteo-oberwallis.ch\/webcam\/rosswald\/klaena1.php\" target=\"_blank\"><img loading=\"lazy\" decoding=\"async\" class=\"image \" src=\"https:\/\/meteo-oberwallis.ch\/webcam\/rosswald\/klaena1.php\" alt=\"\" width=\"1920\" height=\"1080\" \/><\/a><\/div><\/div><\/div><div  class='flex_column av-l3k7hjr2-14cd6a2918cd0643bf1c73d2fac996bc av_one_third  avia-builder-el-14  el_after_av_one_third  el_before_av_one_third  flex_column_div  '     ><div  class='avia-builder-widget-area clearfix  avia-builder-el-15  avia-builder-el-no-sibling '><div id=\"media_image-6\" class=\"widget clearfix widget_media_image\"><h3 class=\"widgettitle\">Rosswald Bergstation<\/h3><a href=\"https:\/\/meteo-oberwallis.ch\/webcam\/rosswald\/bergstation.php\" target=\"_blank\"><img loading=\"lazy\" decoding=\"async\" class=\"image \" src=\"https:\/\/meteo-oberwallis.ch\/webcam\/rosswald\/bergstation.php\" alt=\"\" width=\"1920\" height=\"1080\" \/><\/a><\/div><\/div><\/div><div  class='flex_column av-2gk0y-43baede4cab447ebeb38dc6e48c5fc1a av_one_third  avia-builder-el-16  el_after_av_one_third  el_before_av_one_third  first flex_column_div  column-top-margin'     ><div  class='avia-builder-widget-area clearfix  avia-builder-el-17  avia-builder-el-no-sibling '><div id=\"media_image-5\" class=\"widget clearfix widget_media_image\"><h3 class=\"widgettitle\">Rosswald Rhonetal<\/h3><a href=\"https:\/\/www.meteo-oberwallis.ch\/webcam\/rosswald\/bergfriede.php\" target=\"_blank\"><img loading=\"lazy\" decoding=\"async\" class=\"image \" src=\"https:\/\/www.meteo-oberwallis.ch\/webcam\/rosswald\/bergfriede.php\" alt=\"\" width=\"1920\" height=\"1080\" \/><\/a><\/div><\/div><\/div><div  class='flex_column av-rkku-39b652966ec2301acec85eb67861e9ef av_one_third  avia-builder-el-18  el_after_av_one_third  avia-builder-el-last  flex_column_div  column-top-margin'     ><section  class='av_textblock_section av-mkr1kb3a-a7d0ca8b0e45c72c8381b67789883524 '   itemscope=\"itemscope\" itemtype=\"https:\/\/schema.org\/CreativeWork\" ><div class='avia_textblock'  itemprop=\"text\" ><p><a href=\"https:\/\/webcam.brig-simplon.ch\/fr\/\">Autres webcams dans la r\u00e9gion autour de Rosswald<\/a><\/p>\n<ul>\n<li><a href=\"https:\/\/webcam.brig-simplon.ch\/\">webcam.brig-simplon.ch<\/a><\/li>\n<\/ul>\n<\/div><\/section><\/div>\n","protected":false},"excerpt":{"rendered":"","protected":false},"author":3,"featured_media":0,"parent":0,"menu_order":7,"comment_status":"closed","ping_status":"open","template":"","meta":{"footnotes":"","_links_to":"","_links_to_target":""},"class_list":["post-2584","page","type-page","status-publish","hentry"],"yoast_head":"<!-- This site is optimized with the Yoast SEO plugin v27.4 - https:\/\/yoast.com\/product\/yoast-seo-wordpress\/ -->\n<title>Webcams Rosswald - Images en direct depuis la terrasse ensoleill\u00e9e<\/title>\n<meta name=\"description\" content=\"Images en direct et webcams \u00e0 Rosswald dans le Valais. La terrasse ensoleill\u00e9e de Rosswald au-dessus de Brigue avec vue sur la vall\u00e9e du Rh\u00f4ne et les Alpes.\" \/>\n<meta name=\"robots\" content=\"index, follow, max-snippet:-1, max-image-preview:large, max-video-preview:-1\" \/>\n<link rel=\"canonical\" href=\"https:\/\/www.rosswald-bahnen.ch\/fr\/webcams\/\" \/>\n<meta property=\"og:locale\" content=\"fr_FR\" \/>\n<meta property=\"og:type\" content=\"article\" \/>\n<meta property=\"og:title\" content=\"Webcams Rosswald - Images en direct depuis la terrasse ensoleill\u00e9e\" \/>\n<meta property=\"og:description\" content=\"Images en direct et webcams \u00e0 Rosswald dans le Valais. La terrasse ensoleill\u00e9e de Rosswald au-dessus de Brigue avec vue sur la vall\u00e9e du Rh\u00f4ne et les Alpes.\" \/>\n<meta property=\"og:url\" content=\"https:\/\/www.rosswald-bahnen.ch\/fr\/webcams\/\" \/>\n<meta property=\"og:site_name\" content=\"Rosswald Bahnen\" \/>\n<meta property=\"article:publisher\" content=\"https:\/\/www.facebook.com\/rosswald.wallis\/\" \/>\n<meta property=\"article:modified_time\" content=\"2026-01-23T15:39:41+00:00\" \/>\n<meta name=\"twitter:card\" content=\"summary_large_image\" \/>\n<meta name=\"twitter:label1\" content=\"Dur\u00e9e de lecture estim\u00e9e\" \/>\n\t<meta name=\"twitter:data1\" content=\"14 minutes\" \/>\n<script type=\"application\/ld+json\" class=\"yoast-schema-graph\">{\"@context\":\"https:\\\/\\\/schema.org\",\"@graph\":[{\"@type\":\"WebPage\",\"@id\":\"https:\\\/\\\/www.rosswald-bahnen.ch\\\/fr\\\/webcams\\\/\",\"url\":\"https:\\\/\\\/www.rosswald-bahnen.ch\\\/fr\\\/webcams\\\/\",\"name\":\"Webcams Rosswald - Images en direct depuis la terrasse ensoleill\u00e9e\",\"isPartOf\":{\"@id\":\"https:\\\/\\\/www.rosswald-bahnen.ch\\\/#website\"},\"datePublished\":\"2022-07-27T12:35:34+00:00\",\"dateModified\":\"2026-01-23T15:39:41+00:00\",\"description\":\"Images en direct et webcams \u00e0 Rosswald dans le Valais. La terrasse ensoleill\u00e9e de Rosswald au-dessus de Brigue avec vue sur la vall\u00e9e du Rh\u00f4ne et les Alpes.\",\"breadcrumb\":{\"@id\":\"https:\\\/\\\/www.rosswald-bahnen.ch\\\/fr\\\/webcams\\\/#breadcrumb\"},\"inLanguage\":\"fr-FR\",\"potentialAction\":[{\"@type\":\"ReadAction\",\"target\":[\"https:\\\/\\\/www.rosswald-bahnen.ch\\\/fr\\\/webcams\\\/\"]}]},{\"@type\":\"BreadcrumbList\",\"@id\":\"https:\\\/\\\/www.rosswald-bahnen.ch\\\/fr\\\/webcams\\\/#breadcrumb\",\"itemListElement\":[{\"@type\":\"ListItem\",\"position\":1,\"name\":\"Startseite\",\"item\":\"https:\\\/\\\/www.rosswald-bahnen.ch\\\/fr\\\/\"},{\"@type\":\"ListItem\",\"position\":2,\"name\":\"Webcams\"}]},{\"@type\":\"WebSite\",\"@id\":\"https:\\\/\\\/www.rosswald-bahnen.ch\\\/#website\",\"url\":\"https:\\\/\\\/www.rosswald-bahnen.ch\\\/\",\"name\":\"Rosswald Bahnen\",\"description\":\"\",\"publisher\":{\"@id\":\"https:\\\/\\\/www.rosswald-bahnen.ch\\\/#organization\"},\"potentialAction\":[{\"@type\":\"SearchAction\",\"target\":{\"@type\":\"EntryPoint\",\"urlTemplate\":\"https:\\\/\\\/www.rosswald-bahnen.ch\\\/?s={search_term_string}\"},\"query-input\":{\"@type\":\"PropertyValueSpecification\",\"valueRequired\":true,\"valueName\":\"search_term_string\"}}],\"inLanguage\":\"fr-FR\"},{\"@type\":\"Organization\",\"@id\":\"https:\\\/\\\/www.rosswald-bahnen.ch\\\/#organization\",\"name\":\"Rosswald Bahnen\",\"url\":\"https:\\\/\\\/www.rosswald-bahnen.ch\\\/\",\"logo\":{\"@type\":\"ImageObject\",\"inLanguage\":\"fr-FR\",\"@id\":\"https:\\\/\\\/www.rosswald-bahnen.ch\\\/#\\\/schema\\\/logo\\\/image\\\/\",\"url\":\"https:\\\/\\\/www.rosswald-bahnen.ch\\\/wp-content\\\/uploads\\\/2022\\\/05\\\/rosswaldbahnen-logo.png\",\"contentUrl\":\"https:\\\/\\\/www.rosswald-bahnen.ch\\\/wp-content\\\/uploads\\\/2022\\\/05\\\/rosswaldbahnen-logo.png\",\"width\":266,\"height\":84,\"caption\":\"Rosswald Bahnen\"},\"image\":{\"@id\":\"https:\\\/\\\/www.rosswald-bahnen.ch\\\/#\\\/schema\\\/logo\\\/image\\\/\"},\"sameAs\":[\"https:\\\/\\\/www.facebook.com\\\/rosswald.wallis\\\/\"]}]}<\/script>\n<!-- \/ Yoast SEO plugin. -->","yoast_head_json":{"title":"Webcams Rosswald - Images en direct depuis la terrasse ensoleill\u00e9e","description":"Images en direct et webcams \u00e0 Rosswald dans le Valais. La terrasse ensoleill\u00e9e de Rosswald au-dessus de Brigue avec vue sur la vall\u00e9e du Rh\u00f4ne et les Alpes.","robots":{"index":"index","follow":"follow","max-snippet":"max-snippet:-1","max-image-preview":"max-image-preview:large","max-video-preview":"max-video-preview:-1"},"canonical":"https:\/\/www.rosswald-bahnen.ch\/fr\/webcams\/","og_locale":"fr_FR","og_type":"article","og_title":"Webcams Rosswald - Images en direct depuis la terrasse ensoleill\u00e9e","og_description":"Images en direct et webcams \u00e0 Rosswald dans le Valais. La terrasse ensoleill\u00e9e de Rosswald au-dessus de Brigue avec vue sur la vall\u00e9e du Rh\u00f4ne et les Alpes.","og_url":"https:\/\/www.rosswald-bahnen.ch\/fr\/webcams\/","og_site_name":"Rosswald Bahnen","article_publisher":"https:\/\/www.facebook.com\/rosswald.wallis\/","article_modified_time":"2026-01-23T15:39:41+00:00","twitter_card":"summary_large_image","twitter_misc":{"Dur\u00e9e de lecture estim\u00e9e":"14 minutes"},"schema":{"@context":"https:\/\/schema.org","@graph":[{"@type":"WebPage","@id":"https:\/\/www.rosswald-bahnen.ch\/fr\/webcams\/","url":"https:\/\/www.rosswald-bahnen.ch\/fr\/webcams\/","name":"Webcams Rosswald - Images en direct depuis la terrasse ensoleill\u00e9e","isPartOf":{"@id":"https:\/\/www.rosswald-bahnen.ch\/#website"},"datePublished":"2022-07-27T12:35:34+00:00","dateModified":"2026-01-23T15:39:41+00:00","description":"Images en direct et webcams \u00e0 Rosswald dans le Valais. La terrasse ensoleill\u00e9e de Rosswald au-dessus de Brigue avec vue sur la vall\u00e9e du Rh\u00f4ne et les Alpes.","breadcrumb":{"@id":"https:\/\/www.rosswald-bahnen.ch\/fr\/webcams\/#breadcrumb"},"inLanguage":"fr-FR","potentialAction":[{"@type":"ReadAction","target":["https:\/\/www.rosswald-bahnen.ch\/fr\/webcams\/"]}]},{"@type":"BreadcrumbList","@id":"https:\/\/www.rosswald-bahnen.ch\/fr\/webcams\/#breadcrumb","itemListElement":[{"@type":"ListItem","position":1,"name":"Startseite","item":"https:\/\/www.rosswald-bahnen.ch\/fr\/"},{"@type":"ListItem","position":2,"name":"Webcams"}]},{"@type":"WebSite","@id":"https:\/\/www.rosswald-bahnen.ch\/#website","url":"https:\/\/www.rosswald-bahnen.ch\/","name":"Rosswald Bahnen","description":"","publisher":{"@id":"https:\/\/www.rosswald-bahnen.ch\/#organization"},"potentialAction":[{"@type":"SearchAction","target":{"@type":"EntryPoint","urlTemplate":"https:\/\/www.rosswald-bahnen.ch\/?s={search_term_string}"},"query-input":{"@type":"PropertyValueSpecification","valueRequired":true,"valueName":"search_term_string"}}],"inLanguage":"fr-FR"},{"@type":"Organization","@id":"https:\/\/www.rosswald-bahnen.ch\/#organization","name":"Rosswald Bahnen","url":"https:\/\/www.rosswald-bahnen.ch\/","logo":{"@type":"ImageObject","inLanguage":"fr-FR","@id":"https:\/\/www.rosswald-bahnen.ch\/#\/schema\/logo\/image\/","url":"https:\/\/www.rosswald-bahnen.ch\/wp-content\/uploads\/2022\/05\/rosswaldbahnen-logo.png","contentUrl":"https:\/\/www.rosswald-bahnen.ch\/wp-content\/uploads\/2022\/05\/rosswaldbahnen-logo.png","width":266,"height":84,"caption":"Rosswald Bahnen"},"image":{"@id":"https:\/\/www.rosswald-bahnen.ch\/#\/schema\/logo\/image\/"},"sameAs":["https:\/\/www.facebook.com\/rosswald.wallis\/"]}]}},"_links":{"self":[{"href":"https:\/\/www.rosswald-bahnen.ch\/fr\/wp-json\/wp\/v2\/pages\/2584","targetHints":{"allow":["GET"]}}],"collection":[{"href":"https:\/\/www.rosswald-bahnen.ch\/fr\/wp-json\/wp\/v2\/pages"}],"about":[{"href":"https:\/\/www.rosswald-bahnen.ch\/fr\/wp-json\/wp\/v2\/types\/page"}],"author":[{"embeddable":true,"href":"https:\/\/www.rosswald-bahnen.ch\/fr\/wp-json\/wp\/v2\/users\/3"}],"replies":[{"embeddable":true,"href":"https:\/\/www.rosswald-bahnen.ch\/fr\/wp-json\/wp\/v2\/comments?post=2584"}],"version-history":[{"count":11,"href":"https:\/\/www.rosswald-bahnen.ch\/fr\/wp-json\/wp\/v2\/pages\/2584\/revisions"}],"predecessor-version":[{"id":6710,"href":"https:\/\/www.rosswald-bahnen.ch\/fr\/wp-json\/wp\/v2\/pages\/2584\/revisions\/6710"}],"wp:attachment":[{"href":"https:\/\/www.rosswald-bahnen.ch\/fr\/wp-json\/wp\/v2\/media?parent=2584"}],"curies":[{"name":"wp","href":"https:\/\/api.w.org\/{rel}","templated":true}]}}