{"id":2581,"date":"2022-07-27T14:32:23","date_gmt":"2022-07-27T12:32:23","guid":{"rendered":"https:\/\/neu.rosswald-bahnen.ch\/declaration-de-confidentialite\/"},"modified":"2022-07-27T14:32:23","modified_gmt":"2022-07-27T12:32:23","slug":"declaration-de-confidentialite","status":"publish","type":"page","link":"https:\/\/www.rosswald-bahnen.ch\/fr\/declaration-de-confidentialite\/","title":{"rendered":"D\u00e9claration de confidentialit\u00e9"},"content":{"rendered":"<div id='av_section_1'  class='avia-section av-kbufzd3s-dd428f854b73db9c732bdb3b761e163e main_color avia-section-default avia-shadow  avia-builder-el-0  avia-builder-el-no-sibling  avia-bg-style-scroll container_wrap fullsize'  ><div class='container av-section-cont-open' ><main  role=\"main\" itemprop=\"mainContentOfPage\"  class='template-page content  av-content-full alpha units'><div class='post-entry post-entry-type-page post-entry-2581'><div class='entry-content-wrapper clearfix'>\n\n<style type=\"text\/css\" data-created_by=\"avia_inline_auto\" id=\"style-css-av-38q1-59d4a1d61c1719c885de0a85685ce4ed\">\n.flex_column.av-38q1-59d4a1d61c1719c885de0a85685ce4ed{\nborder-radius:0px 0px 0px 0px;\npadding:0px 0px 0px 0px;\n}\n<\/style>\n<div  class='flex_column av-38q1-59d4a1d61c1719c885de0a85685ce4ed av_two_third  avia-builder-el-1  el_before_av_one_third  avia-builder-el-first  first flex_column_div av-zero-column-padding  '     ><section  class='av_textblock_section av-jxk41cbl-efdbf0bf3e716cdc661fb25a9873675c '   itemscope=\"itemscope\" itemtype=\"https:\/\/schema.org\/CreativeWork\" ><div class='avia_textblock'  itemprop=\"text\" ><h1>D\u00e9claration de confidentialit\u00e9<\/h1>\n<p><strong>Dispositions relatives \u00e0 la protection des donn\u00e9es et dispositions g\u00e9n\u00e9rales d&rsquo;utilisation du site Internet de ROSSWALD BAHNEN AG, 3911 Ried-Brig, Suisse \u2502\u00c9tat juin 2022<\/strong><\/p>\n<p><strong>Informations juridiques importantes<\/strong><strong><br \/>\n<\/strong>Veuillez lire attentivement les conditions suivantes avant de poursuivre. Les personnes qui consultent le site <a title=\"www.rosswald-bahnen.ch\" href=\"http:\/\/www.rosswald-bahnen.ch\/\" target=\"_blank\" rel=\"noopener\">www.rosswald-bahnen.ch<\/a> des Rosswald Bahnen AG d\u00e9clarent accepter les conditions ci-apr\u00e8s.<\/p>\n<p><strong>Conditions g\u00e9n\u00e9rales de contrat et de voyage<\/strong><strong><br \/>\n<\/strong>Nous prenons la protection de vos donn\u00e9es personnelles tr\u00e8s au s\u00e9rieux et respectons strictement les r\u00e8gles de la l\u00e9gislation sur la protection des donn\u00e9es. Les donn\u00e9es personnelles ne sont collect\u00e9es sur ce site que dans la mesure o\u00f9 cela est techniquement n\u00e9cessaire.<\/p>\n<p>La soci\u00e9t\u00e9 Rosswald Bahnen AG exploite sur <a title=\"www.rosswald-bahnen.ch\" href=\"http:\/\/www.rosswald-bahnen.ch\/\" target=\"_blank\" rel=\"noopener\">www.rosswald-bahnen.ch<\/a> un portail Internet qui facilite aux clients la r\u00e9servation en ligne de prestations touristiques de la r\u00e9gion de Brigue Simplon. Les paiements dans la boutique en ligne sont possibles par carte de cr\u00e9dit (VISA ou MasterCard), sur facture ou paiement (\u00e9galement en esp\u00e8ces) directement aupr\u00e8s du fournisseur de la prestation concern\u00e9e.<\/p>\n<p><strong>Droits d&rsquo;auteur<\/strong><strong><br \/>\n<\/strong>Tous les textes, photos, etc. figurant sur le site Internet \u00ab\u00a0www.rosswald-bahnen.ch\u00a0\u00bb sont prot\u00e9g\u00e9s par des droits d&rsquo;auteur. Ces donn\u00e9es ne peuvent \u00eatre utilis\u00e9es qu&rsquo;avec l&rsquo;accord du d\u00e9tenteur des droits d&rsquo;auteur. Pour obtenir l&rsquo;accord du d\u00e9tenteur des droits d&rsquo;auteur et conclure l&rsquo;accord correspondant, veuillez vous adresser \u00e0 <a title=\"&#x69;&#110;f&#x6f;&#64;r&#x6f;&#115;s&#x77;&#x61;&#108;&#x64;&#x2d;&#98;a&#x68;&#110;e&#x6e;&#46;c&#x68;\" href=\"&#109;&#x61;i&#108;&#x74;&#111;&#x3a;i&#110;&#x66;o&#x40;&#x72;&#111;&#x73;s&#119;&#x61;l&#x64;&#x2d;&#98;&#x61;h&#110;&#x65;&#110;&#x2e;c&#104;\">&#105;n&#102;o&#64;r&#x6f;s&#x73;w&#x61;l&#x64;-&#x62;a&#x68;n&#x65;n&#x2e;c&#x68;<\/a> ou \u00e0 ROSSWALD BAHNEN AG, Basweri 2, 3911 Ried-Brig, Suisse.<\/p>\n<p><strong>Transmission de la lettre d&rsquo;information \u00e9lectronique et du courrier \u00e9lectronique<\/strong><strong><br \/>\n<\/strong>ROSSWALD BAHNEN AG envoie par e-mail des lettres d&rsquo;information contenant d&rsquo;autres informations, par exemple sur la mise \u00e0 jour de sites web ou sur des offres sp\u00e9ciales. Si vous vous inscrivez \u00e0 ce service, nous attirons votre attention sur le fait que la transmission d&rsquo;e-mails n&rsquo;est g\u00e9n\u00e9ralement pas crypt\u00e9e et comporte notamment le risque que de telles donn\u00e9es puissent \u00eatre intercept\u00e9es et consult\u00e9es par des tiers.<\/p>\n<p><strong>Proc\u00e9dure de sortie (Opt Out Policy)<\/strong><strong><br \/>\n<\/strong>La d\u00e9sinscription \u00e0 la newsletter est possible \u00e0 tout moment. Chaque newsletter contient un lien direct qui permet de se d\u00e9sinscrire facilement et automatiquement.<\/p>\n<p><strong>Links<\/strong><strong><br \/>\n<\/strong>ROSSWALD BAHNEN AG met \u00e0 la disposition des utilisateurs du site Internet \u00ab\u00a0www.rosswald-bahnen.ch\u00a0\u00bb des liens vers d&rsquo;autres sites Internet touristiques ou d&rsquo;int\u00e9r\u00eat g\u00e9n\u00e9ral. ROSSWALD BAHNEN AG n&rsquo;est en aucun cas responsable du contenu des pages li\u00e9es et n&rsquo;approuve pas le contenu de ces pages en cr\u00e9ant un lien vers ces pages. L&rsquo;utilisateur de \u00ab\u00a0www.rosswald-bahnen.ch\u00a0\u00bb utilise les sites Internet li\u00e9s \u00e0 ses propres risques. ROSSWALD BAHNEN AG recommande de v\u00e9rifier l&rsquo;actualit\u00e9 et l&rsquo;exactitude du contenu des pages Internet utilis\u00e9es. &#8211; En raison de d\u00e9cisions de justice allemandes, ROSSWALD BAHNEN AG se distancie sous toutes les formes du contenu des pages li\u00e9es. &#8211; ROSSWALD BAHNEN AG ne peut \u00eatre tenu responsable, \u00e0 quelque titre juridique que ce soit, des cons\u00e9quences de l&rsquo;utilisation des pages li\u00e9es.<\/p>\n<p><strong>Cookies<\/strong><strong><br \/>\n<\/strong>Lorsque vous utilisez notre site Internet, des cookies sont d\u00e9pos\u00e9s sur votre ordinateur. Ils servent \u00e0 rendre notre offre plus conviviale, plus efficace et plus s\u00fbre. Les cookies sont de petits fichiers texte qui sont d\u00e9pos\u00e9s sur votre ordinateur et que votre navigateur enregistre.<\/p>\n<p>Ces donn\u00e9es sont \u00e9valu\u00e9es de mani\u00e8re anonyme par Rosswald Bahnen AG. Les \u00e9valuations ne permettent pas de tirer des conclusions sur les utilisateurs.<\/p>\n<p>Les donn\u00e9es que vous nous transmettez sont trait\u00e9es conform\u00e9ment aux dispositions de la loi suisse sur la protection des donn\u00e9es. Dans la mesure o\u00f9 cela est n\u00e9cessaire, les donn\u00e9es sont transmises aux partenaires de Rosswald Bahnen AG, respectivement de Rosswald Bahnen. transmis aux prestataires de soins.<\/p>\n<p>Si vous avez donn\u00e9 votre accord, Rosswald Bahnen AG et les partenaires de Rosswald Bahnen AG que vous avez r\u00e9serv\u00e9s vous informeront par e-mail d&rsquo;autres offres, etc. Un lien de d\u00e9sabonnement est inclus dans chaque e-mail.<\/p>\n<p>La plupart des cookies que nous utilisons sont des \u00ab\u00a0cookies de session\u00a0\u00bb. Ils sont automatiquement supprim\u00e9s \u00e0 la fin de votre visite.<br \/>\nLes cookies n&rsquo;endommagent pas votre ordinateur et ne contiennent pas de virus.<\/p>\n<p><strong>Google Analytics<\/strong><strong><br \/>\n<\/strong>Ce site web utilise Google Analytics, un service d&rsquo;analyse web de Google Inc. (\u00ab\u00a0Google\u00a0\u00bb) Google Analytics utilise des \u00ab\u00a0cookies\u00a0\u00bb, des fichiers texte qui sont enregistr\u00e9s sur votre ordinateur et qui permettent d&rsquo;analyser votre utilisation du site web. Les informations g\u00e9n\u00e9r\u00e9es par le cookie concernant votre utilisation de ce site web (y compris votre adresse IP) sont transmises \u00e0 un serveur de Google aux \u00c9tats-Unis et y sont enregistr\u00e9es. Google utilisera cette information dans le but d&rsquo;\u00e9valuer votre utilisation du site, de compiler des rapports sur l&rsquo;activit\u00e9 du site \u00e0 destination de son \u00e9diteur et de fournir d&rsquo;autres services relatifs \u00e0 l&rsquo;activit\u00e9 du site et \u00e0 l&rsquo;utilisation d&rsquo;Internet. Google peut \u00e9galement transmettre ces informations \u00e0 des tiers si la loi l&rsquo;exige ou si des tiers traitent ces donn\u00e9es pour le compte de Google. Google n&rsquo;associera en aucun cas votre adresse IP \u00e0 d&rsquo;autres donn\u00e9es de Google. Vous pouvez emp\u00eacher l&rsquo;installation des cookies en param\u00e9trant votre navigateur en cons\u00e9quence ; nous attirons toutefois votre attention sur le fait que, dans ce cas, vous ne pourrez peut-\u00eatre pas utiliser toutes les fonctions de ce site web dans leur int\u00e9gralit\u00e9. En utilisant ce site internet, vous consentez express\u00e9ment au traitement de vos donn\u00e9es nominatives par Google dans les conditions et pour les finalit\u00e9s d\u00e9crites ci-dessus\u00a0\u00bb.<\/p>\n<p>Nous, les chemins de fer Rosswald SA, avons ajout\u00e9 une ligne suppl\u00e9mentaire au code standard de Google Analytics, de sorte que les adresses IP ne soient transmises que sous forme abr\u00e9g\u00e9e. L&rsquo;identification des personnes n&rsquo;est donc absolument plus possible.<\/p>\n<p>En outre, en tant qu&rsquo;utilisateur, vous avez la possibilit\u00e9 de t\u00e9l\u00e9charger un \u00ab\u00a0add-on de d\u00e9sactivation pour les navigateurs de Google Analytics\u00a0\u00bb. \u00ab\u00a0Le module compl\u00e9mentaire indique au JavaScript (ga.js) de Google Analytics qu&rsquo;aucune information sur la visite du site ne doit \u00eatre transmise \u00e0 Google Analytics\u00a0\u00bb.<\/p>\n<p><strong>Facebook Social Plug-Ins<\/strong><strong><br \/>\n<\/strong>Notre site Internet utilise des plug-ins sociaux (\u00ab\u00a0plug-ins\u00a0\u00bb) du r\u00e9seau social facebook.com, qui est exploit\u00e9 par Facebook Inc., 1601 S. California Ave, Palo Alto, CA 94304, USA (\u00ab\u00a0Facebook\u00a0\u00bb). Les plug-ins sont identifi\u00e9s par un logo Facebook ou par la mention \u00ab\u00a0Facebook Social Plug-In\u00a0\u00bb. Lorsque vous consultez une page web de notre site Internet qui contient un tel plug-in, votre navigateur \u00e9tablit une connexion directe avec les serveurs de Facebook. Le contenu du plug-in est transmis directement par Facebook \u00e0 votre navigateur et int\u00e9gr\u00e9 par celui-ci dans la page web. Par l&rsquo;int\u00e9gration des plug-ins, Facebook re\u00e7oit l&rsquo;information que vous avez consult\u00e9 la page correspondante de notre site Internet. Si vous \u00eates connect\u00e9 \u00e0 Facebook, Facebook peut attribuer la visite \u00e0 votre compte Facebook. Si vous interagissez avec les plug-ins, par exemple en cliquant sur le bouton \u00ab\u00a0J&rsquo;aime\u00a0\u00bb ou en laissant un commentaire, l&rsquo;information correspondante est transmise directement de votre navigateur \u00e0 Facebook et y est enregistr\u00e9e. Pour conna\u00eetre l&rsquo;objet et l&rsquo;\u00e9tendue de la collecte de donn\u00e9es, le traitement ult\u00e9rieur et l&rsquo;utilisation des donn\u00e9es par Facebook ainsi que vos droits et possibilit\u00e9s de param\u00e9trage \u00e0 cet \u00e9gard pour prot\u00e9ger votre vie priv\u00e9e, veuillez consulter les informations sur la protection des donn\u00e9es de Facebook. Si vous ne souhaitez pas que Facebook collecte des donn\u00e9es vous concernant via notre site Internet, vous devez vous d\u00e9connecter de Facebook avant de visiter notre site Internet. Traduit avec www.DeepL.com\/Translator (version gratuite)<\/p>\n<p><strong>Actualit\u00e9 des donn\u00e9es, exactitude, conclusion du contrat, transmission des donn\u00e9es<\/strong><strong><br \/>\n<\/strong>ROSSWALD BAHNEN AG ist bem\u00fcht, die auf dieser Internetseite aufgef\u00fchrten Angaben m\u00f6glichst aktuell und korrekt zu halten. Comme ces informations peuvent changer rapidement, ROSSWALD BAHNEN AG ne peut pas garantir leur exactitude. ROSSWALD BAHNEN AG ne peut \u00eatre tenu responsable, \u00e0 quelque titre que ce soit, d&rsquo;informations et de donn\u00e9es inexactes ou obsol\u00e8tes, ni des cons\u00e9quences de leur utilisation.<\/p>\n<p>Les propositions de voyage et autres indications publi\u00e9es sur le site Internet <a title=\"www.rosswald-bahnen.ch\" href=\"http:\/\/www.rosswald-bahnen.ch\/\" target=\"_blank\" rel=\"noopener\">www.rosswald-bahnen.ch<\/a> ne constituent pas des offres fermes de ROSSWALD BAHNEN AG ou des prestataires de services mentionn\u00e9s dans les offres de voyage.<\/p>\n<p>ROSSWALD BAHNEN AG exclut toute responsabilit\u00e9 quant \u00e0 la s\u00e9curit\u00e9 de la transmission des donn\u00e9es par Internet.<\/p>\n<p><strong>Responsabilit\u00e9<\/strong><strong><br \/>\n<\/strong>En tant qu&rsquo;utilisateur de ce site web, vous reconnaissez par la pr\u00e9sente que l&rsquo;exploitant de ce site web, ses auxiliaires d&rsquo;ex\u00e9cution, ses repr\u00e9sentants, ses entreprises li\u00e9es, ses g\u00e9rants, ses cadres, ses employ\u00e9s et ses associ\u00e9s n&rsquo;assument aucune responsabilit\u00e9 en rapport avec la collecte, la transmission, le traitement et l&rsquo;exploitation des donn\u00e9es susmentionn\u00e9es et qu&rsquo;il n&rsquo;est donc pas possible de faire valoir des droits \u00e0 dommages et int\u00e9r\u00eats \u00e0 cet \u00e9gard contre ces personnes physiques et morales. Traduit avec www.DeepL.com\/Translator (version gratuite)<\/p>\n<p><strong>Application du droit et juridiction comp\u00e9tente<\/strong><strong><br \/>\n<\/strong>L&rsquo;utilisation de ce site Internet est exclusivement soumise au droit suisse. Le lieu de juridiction exclusif est <strong>Brigue, Suisse<\/strong>.<\/p>\n<p><strong>Questions et suggestions<\/strong><strong><br \/>\n<\/strong>Veuillez adresser vos questions et suggestions concernant notre d\u00e9claration de confidentialit\u00e9 \u00e0 :<br \/>\n<a title=\"i&#110;&#102;&#x6f;&#x40;&#x72;o&#115;&#115;&#x77;&#x61;&#x6c;d-&#98;&#x61;&#x68;&#x6e;en&#46;&#99;&#x68;\" href=\"&#x6d;&#97;&#x69;&#108;t&#x6f;&#58;i&#x6e;&#102;&#x6f;&#x40;r&#x6f;&#115;s&#x77;&#97;&#x6c;&#x64;-&#x62;&#97;h&#x6e;&#101;n&#x2e;&#99;&#x68;\">&#x69;&#110;f&#x6f;&#64;r&#x6f;&#115;s&#x77;&#97;l&#x64;&#45;b&#x61;&#x68;n&#x65;&#x6e;&#46;&#x63;&#x68;<\/a><\/p>\n<\/div><\/section><\/div>\n<style type=\"text\/css\" data-created_by=\"avia_inline_auto\" id=\"style-css-av-3wrv-8db5999e9d20846743878be13fb50ebc\">\n.flex_column.av-3wrv-8db5999e9d20846743878be13fb50ebc{\nborder-radius:0px 0px 0px 0px;\npadding:0px 0px 0px 0px;\n}\n<\/style>\n<div  class='flex_column av-3wrv-8db5999e9d20846743878be13fb50ebc av_one_third  avia-builder-el-3  el_after_av_two_third  avia-builder-el-last  flex_column_div av-zero-column-padding  '     ><section  class='av_textblock_section av-l4y4e86d-1297ce6b22b54b6a42ccbaee010d899c '   itemscope=\"itemscope\" itemtype=\"https:\/\/schema.org\/CreativeWork\" ><div class='avia_textblock'  itemprop=\"text\" ><h1>Mentions l\u00e9gales<\/h1>\n<h3>Mentions l\u00e9gales<\/h3>\n<p><strong>Kontakt<br \/>\n<\/strong>Rosswald Bahnen AG<br \/>\nBasweri<br \/>\n3911 Ried-Brig<\/p>\n<p>Directeur g\u00e9n\u00e9ral Fredi Lang<br \/>\nT +41 27 923 20 04<br \/>\n<a href=\"m&#97;&#105;&#x6c;&#x74;&#x6f;:&#105;&#110;&#x66;&#x6f;&#x40;ba&#114;&#x69;&#x6e;&#x66;or&#109;&#97;&#x74;&#x69;&#x6b;&#46;&#99;&#104;\">&#105;&#x6e;f&#111;&#x40;b&#97;&#x72;i&#110;&#x66;o&#114;&#x6d;a&#116;&#x69;k&#46;&#x63;h<\/a><br \/>\nCHE-105.756.583<\/p>\n<\/div><\/section><\/div>\n","protected":false},"excerpt":{"rendered":"","protected":false},"author":3,"featured_media":0,"parent":0,"menu_order":11,"comment_status":"closed","ping_status":"open","template":"","meta":{"footnotes":"","_links_to":"","_links_to_target":""},"class_list":["post-2581","page","type-page","status-publish","hentry"],"yoast_head":"<!-- This site is optimized with the Yoast SEO plugin v27.4 - https:\/\/yoast.com\/product\/yoast-seo-wordpress\/ -->\n<title>D\u00e9claration de confidentialit\u00e9 - Rosswald Bahnen<\/title>\n<meta name=\"robots\" content=\"index, follow, max-snippet:-1, max-image-preview:large, max-video-preview:-1\" \/>\n<link rel=\"canonical\" href=\"https:\/\/www.rosswald-bahnen.ch\/fr\/declaration-de-confidentialite\/\" \/>\n<meta property=\"og:locale\" content=\"fr_FR\" \/>\n<meta property=\"og:type\" content=\"article\" \/>\n<meta property=\"og:title\" content=\"D\u00e9claration de confidentialit\u00e9 - Rosswald Bahnen\" \/>\n<meta property=\"og:url\" content=\"https:\/\/www.rosswald-bahnen.ch\/fr\/declaration-de-confidentialite\/\" \/>\n<meta property=\"og:site_name\" content=\"Rosswald Bahnen\" \/>\n<meta property=\"article:publisher\" content=\"https:\/\/www.facebook.com\/rosswald.wallis\/\" \/>\n<meta name=\"twitter:card\" content=\"summary_large_image\" \/>\n<meta name=\"twitter:label1\" content=\"Dur\u00e9e de lecture estim\u00e9e\" \/>\n\t<meta name=\"twitter:data1\" content=\"10 minutes\" \/>\n<script type=\"application\/ld+json\" class=\"yoast-schema-graph\">{\"@context\":\"https:\\\/\\\/schema.org\",\"@graph\":[{\"@type\":\"WebPage\",\"@id\":\"https:\\\/\\\/www.rosswald-bahnen.ch\\\/fr\\\/declaration-de-confidentialite\\\/\",\"url\":\"https:\\\/\\\/www.rosswald-bahnen.ch\\\/fr\\\/declaration-de-confidentialite\\\/\",\"name\":\"D\u00e9claration de confidentialit\u00e9 - Rosswald Bahnen\",\"isPartOf\":{\"@id\":\"https:\\\/\\\/www.rosswald-bahnen.ch\\\/#website\"},\"datePublished\":\"2022-07-27T12:32:23+00:00\",\"breadcrumb\":{\"@id\":\"https:\\\/\\\/www.rosswald-bahnen.ch\\\/fr\\\/declaration-de-confidentialite\\\/#breadcrumb\"},\"inLanguage\":\"fr-FR\",\"potentialAction\":[{\"@type\":\"ReadAction\",\"target\":[\"https:\\\/\\\/www.rosswald-bahnen.ch\\\/fr\\\/declaration-de-confidentialite\\\/\"]}]},{\"@type\":\"BreadcrumbList\",\"@id\":\"https:\\\/\\\/www.rosswald-bahnen.ch\\\/fr\\\/declaration-de-confidentialite\\\/#breadcrumb\",\"itemListElement\":[{\"@type\":\"ListItem\",\"position\":1,\"name\":\"Startseite\",\"item\":\"https:\\\/\\\/www.rosswald-bahnen.ch\\\/fr\\\/\"},{\"@type\":\"ListItem\",\"position\":2,\"name\":\"D\u00e9claration de confidentialit\u00e9\"}]},{\"@type\":\"WebSite\",\"@id\":\"https:\\\/\\\/www.rosswald-bahnen.ch\\\/#website\",\"url\":\"https:\\\/\\\/www.rosswald-bahnen.ch\\\/\",\"name\":\"Rosswald Bahnen\",\"description\":\"\",\"publisher\":{\"@id\":\"https:\\\/\\\/www.rosswald-bahnen.ch\\\/#organization\"},\"potentialAction\":[{\"@type\":\"SearchAction\",\"target\":{\"@type\":\"EntryPoint\",\"urlTemplate\":\"https:\\\/\\\/www.rosswald-bahnen.ch\\\/?s={search_term_string}\"},\"query-input\":{\"@type\":\"PropertyValueSpecification\",\"valueRequired\":true,\"valueName\":\"search_term_string\"}}],\"inLanguage\":\"fr-FR\"},{\"@type\":\"Organization\",\"@id\":\"https:\\\/\\\/www.rosswald-bahnen.ch\\\/#organization\",\"name\":\"Rosswald Bahnen\",\"url\":\"https:\\\/\\\/www.rosswald-bahnen.ch\\\/\",\"logo\":{\"@type\":\"ImageObject\",\"inLanguage\":\"fr-FR\",\"@id\":\"https:\\\/\\\/www.rosswald-bahnen.ch\\\/#\\\/schema\\\/logo\\\/image\\\/\",\"url\":\"https:\\\/\\\/www.rosswald-bahnen.ch\\\/wp-content\\\/uploads\\\/2022\\\/05\\\/rosswaldbahnen-logo.png\",\"contentUrl\":\"https:\\\/\\\/www.rosswald-bahnen.ch\\\/wp-content\\\/uploads\\\/2022\\\/05\\\/rosswaldbahnen-logo.png\",\"width\":266,\"height\":84,\"caption\":\"Rosswald Bahnen\"},\"image\":{\"@id\":\"https:\\\/\\\/www.rosswald-bahnen.ch\\\/#\\\/schema\\\/logo\\\/image\\\/\"},\"sameAs\":[\"https:\\\/\\\/www.facebook.com\\\/rosswald.wallis\\\/\"]}]}<\/script>\n<!-- \/ Yoast SEO plugin. -->","yoast_head_json":{"title":"D\u00e9claration de confidentialit\u00e9 - Rosswald Bahnen","robots":{"index":"index","follow":"follow","max-snippet":"max-snippet:-1","max-image-preview":"max-image-preview:large","max-video-preview":"max-video-preview:-1"},"canonical":"https:\/\/www.rosswald-bahnen.ch\/fr\/declaration-de-confidentialite\/","og_locale":"fr_FR","og_type":"article","og_title":"D\u00e9claration de confidentialit\u00e9 - Rosswald Bahnen","og_url":"https:\/\/www.rosswald-bahnen.ch\/fr\/declaration-de-confidentialite\/","og_site_name":"Rosswald Bahnen","article_publisher":"https:\/\/www.facebook.com\/rosswald.wallis\/","twitter_card":"summary_large_image","twitter_misc":{"Dur\u00e9e de lecture estim\u00e9e":"10 minutes"},"schema":{"@context":"https:\/\/schema.org","@graph":[{"@type":"WebPage","@id":"https:\/\/www.rosswald-bahnen.ch\/fr\/declaration-de-confidentialite\/","url":"https:\/\/www.rosswald-bahnen.ch\/fr\/declaration-de-confidentialite\/","name":"D\u00e9claration de confidentialit\u00e9 - Rosswald Bahnen","isPartOf":{"@id":"https:\/\/www.rosswald-bahnen.ch\/#website"},"datePublished":"2022-07-27T12:32:23+00:00","breadcrumb":{"@id":"https:\/\/www.rosswald-bahnen.ch\/fr\/declaration-de-confidentialite\/#breadcrumb"},"inLanguage":"fr-FR","potentialAction":[{"@type":"ReadAction","target":["https:\/\/www.rosswald-bahnen.ch\/fr\/declaration-de-confidentialite\/"]}]},{"@type":"BreadcrumbList","@id":"https:\/\/www.rosswald-bahnen.ch\/fr\/declaration-de-confidentialite\/#breadcrumb","itemListElement":[{"@type":"ListItem","position":1,"name":"Startseite","item":"https:\/\/www.rosswald-bahnen.ch\/fr\/"},{"@type":"ListItem","position":2,"name":"D\u00e9claration de confidentialit\u00e9"}]},{"@type":"WebSite","@id":"https:\/\/www.rosswald-bahnen.ch\/#website","url":"https:\/\/www.rosswald-bahnen.ch\/","name":"Rosswald Bahnen","description":"","publisher":{"@id":"https:\/\/www.rosswald-bahnen.ch\/#organization"},"potentialAction":[{"@type":"SearchAction","target":{"@type":"EntryPoint","urlTemplate":"https:\/\/www.rosswald-bahnen.ch\/?s={search_term_string}"},"query-input":{"@type":"PropertyValueSpecification","valueRequired":true,"valueName":"search_term_string"}}],"inLanguage":"fr-FR"},{"@type":"Organization","@id":"https:\/\/www.rosswald-bahnen.ch\/#organization","name":"Rosswald Bahnen","url":"https:\/\/www.rosswald-bahnen.ch\/","logo":{"@type":"ImageObject","inLanguage":"fr-FR","@id":"https:\/\/www.rosswald-bahnen.ch\/#\/schema\/logo\/image\/","url":"https:\/\/www.rosswald-bahnen.ch\/wp-content\/uploads\/2022\/05\/rosswaldbahnen-logo.png","contentUrl":"https:\/\/www.rosswald-bahnen.ch\/wp-content\/uploads\/2022\/05\/rosswaldbahnen-logo.png","width":266,"height":84,"caption":"Rosswald Bahnen"},"image":{"@id":"https:\/\/www.rosswald-bahnen.ch\/#\/schema\/logo\/image\/"},"sameAs":["https:\/\/www.facebook.com\/rosswald.wallis\/"]}]}},"_links":{"self":[{"href":"https:\/\/www.rosswald-bahnen.ch\/fr\/wp-json\/wp\/v2\/pages\/2581","targetHints":{"allow":["GET"]}}],"collection":[{"href":"https:\/\/www.rosswald-bahnen.ch\/fr\/wp-json\/wp\/v2\/pages"}],"about":[{"href":"https:\/\/www.rosswald-bahnen.ch\/fr\/wp-json\/wp\/v2\/types\/page"}],"author":[{"embeddable":true,"href":"https:\/\/www.rosswald-bahnen.ch\/fr\/wp-json\/wp\/v2\/users\/3"}],"replies":[{"embeddable":true,"href":"https:\/\/www.rosswald-bahnen.ch\/fr\/wp-json\/wp\/v2\/comments?post=2581"}],"version-history":[{"count":2,"href":"https:\/\/www.rosswald-bahnen.ch\/fr\/wp-json\/wp\/v2\/pages\/2581\/revisions"}],"predecessor-version":[{"id":2583,"href":"https:\/\/www.rosswald-bahnen.ch\/fr\/wp-json\/wp\/v2\/pages\/2581\/revisions\/2583"}],"wp:attachment":[{"href":"https:\/\/www.rosswald-bahnen.ch\/fr\/wp-json\/wp\/v2\/media?parent=2581"}],"curies":[{"name":"wp","href":"https:\/\/api.w.org\/{rel}","templated":true}]}}