{"id":2558,"date":"2022-07-27T12:33:00","date_gmt":"2022-07-27T10:33:00","guid":{"rendered":"https:\/\/neu.rosswald-bahnen.ch\/rosswald\/ete\/lac-de-baignade-et-aire-de-jeux\/"},"modified":"2024-02-23T16:43:28","modified_gmt":"2024-02-23T15:43:28","slug":"lac-de-baignade-et-aire-de-jeux","status":"publish","type":"page","link":"https:\/\/www.rosswald-bahnen.ch\/fr\/rosswald\/ete\/lac-de-baignade-et-aire-de-jeux\/","title":{"rendered":"Lac de baignade et aire de jeux"},"content":{"rendered":"\n<style type=\"text\/css\" data-created_by=\"avia_inline_auto\" id=\"style-css-av-l3q0kq6p-de16f3b9d6e440e0f151e1c2428ac0ad\">\n.avia-section.av-l3q0kq6p-de16f3b9d6e440e0f151e1c2428ac0ad .av-parallax .av-parallax-inner{\nbackground-repeat:no-repeat;\nbackground-image:url(https:\/\/www.rosswald-bahnen.ch\/wp-content\/uploads\/2022\/06\/Badesee.jpeg);\nbackground-position:50% 50%;\nbackground-attachment:scroll;\n}\n#top .avia-section.av-l3q0kq6p-de16f3b9d6e440e0f151e1c2428ac0ad .scroll-down-link{\ncolor:#b02b2c;\n}\n#top .avia-section.av-l3q0kq6p-de16f3b9d6e440e0f151e1c2428ac0ad .scroll-down-link.avia-svg-icon svg:first-child{\nstroke:#b02b2c;\nfill:#b02b2c;\n}\n<\/style>\n<div id='av_section_1'  class='avia-section av-l3q0kq6p-de16f3b9d6e440e0f151e1c2428ac0ad main_color avia-section-default avia-no-border-styling  avia-builder-el-0  el_before_av_heading  avia-builder-el-first  av-parallax-section avia-bg-style-parallax av-minimum-height av-minimum-height-50 av-height-50  container_wrap fullsize'  data-section-bg-repeat='no-repeat' data-av_minimum_height_pc='50' data-av_min_height_opt='50'><div class='av-parallax' data-avia-parallax-ratio='0.3' ><div class='av-parallax-inner main_color avia-full-stretch'><\/div><\/div><div class=\"av-section-color-overlay-wrap\"><a href='#next-section' title='' class='scroll-down-link av-custom-scroll-down-color avia-svg-icon avia-font-svg_entypo-fontello' data-av_svg_icon='down-open-mini' data-av_iconset='svg_entypo-fontello'><svg version=\"1.1\" xmlns=\"http:\/\/www.w3.org\/2000\/svg\" width=\"15\" height=\"32\" viewBox=\"0 0 15 32\" preserveAspectRatio=\"xMidYMid meet\" aria-labelledby='av-svg-title-1' aria-describedby='av-svg-desc-1' role=\"graphics-symbol\" aria-hidden=\"true\">\n<title id='av-svg-title-1'>Scroller vers la prochaine section<\/title>\n<desc id='av-svg-desc-1'>Scroller vers la prochaine section<\/desc>\n<path d=\"M12.96 12.16q0.704-0.832 1.536 0 0.832 0.704 0 1.536l-6.272 6.144q-0.704 0.704-1.536 0l-6.272-6.144q-0.832-0.832 0-1.536 0.768-0.768 1.6 0l5.44 4.992z\"><\/path>\n<\/svg><\/a><div class='container av-section-cont-open' ><main  role=\"main\" itemprop=\"mainContentOfPage\"  class='template-page content  av-content-full alpha units'><div class='post-entry post-entry-type-page post-entry-2558'><div class='entry-content-wrapper clearfix'><\/div><\/div><\/main><!-- close content main element --><\/div><\/div><\/div><div id='after_section_1'  class='main_color av_default_container_wrap container_wrap fullsize'  ><div class='container av-section-cont-open' ><div class='template-page content  av-content-full alpha units'><div class='post-entry post-entry-type-page post-entry-2558'><div class='entry-content-wrapper clearfix'>\n\n<style type=\"text\/css\" data-created_by=\"avia_inline_auto\" id=\"style-css-av-l3scwvmw-4c6d3c8063279f4dac722f8d2bec351a\">\n#top .av-special-heading.av-l3scwvmw-4c6d3c8063279f4dac722f8d2bec351a{\npadding-bottom:10px;\n}\nbody .av-special-heading.av-l3scwvmw-4c6d3c8063279f4dac722f8d2bec351a .av-special-heading-tag .heading-char{\nfont-size:25px;\n}\n.av-special-heading.av-l3scwvmw-4c6d3c8063279f4dac722f8d2bec351a .av-subheading{\nfont-size:15px;\n}\n<\/style>\n<div  class='av-special-heading av-l3scwvmw-4c6d3c8063279f4dac722f8d2bec351a av-special-heading-h1 blockquote elegant-quote elegant-centered  avia-builder-el-1  el_after_av_section  el_before_av_hr  avia-builder-el-first '><h1 class='av-special-heading-tag '  itemprop=\"headline\"  ><span class=\"heading-wrap\">Lac de baignade et aire de jeux<\/span><\/h1><div class=\"special-heading-border\"><div class=\"special-heading-inner-border\"><\/div><\/div><\/div>\n\n<style type=\"text\/css\" data-created_by=\"avia_inline_auto\" id=\"style-css-av-l3scxgdq-43309ff15026e3ac8101e1a644ab7e01\">\n#top .hr.hr-invisible.av-l3scxgdq-43309ff15026e3ac8101e1a644ab7e01{\nheight:50px;\n}\n<\/style>\n<div  class='hr av-l3scxgdq-43309ff15026e3ac8101e1a644ab7e01 hr-invisible  avia-builder-el-2  el_after_av_heading  el_before_av_one_half '><span class='hr-inner '><span class=\"hr-inner-style\"><\/span><\/span><\/div>\n<div  class='flex_column av-ed4xo-748d41a417749bdaf0d1b1384afa882a av_one_half  avia-builder-el-3  el_after_av_hr  el_before_av_one_half  first flex_column_div  '     ><section  class='av_textblock_section av-l47fl-29f16ce1d3603bc42d62c9375e4f3c91 '   itemscope=\"itemscope\" itemtype=\"https:\/\/schema.org\/CreativeWork\" ><div class='avia_textblock'  itemprop=\"text\" ><nav class=\"nav\">\n<ul id=\"position\"><\/ul>\n<\/nav>\n<div class=\"fwelement fwtitle fwtitle1 \">\n<h2>Jeux et divertissements pour toute la famille<\/h2>\n<\/div>\n<div class=\"fwelement fwtext fwtext0 \">\n<p>Le <a href=\"https:\/\/www.brig-simplon.ch\/poi\/badesee-rosswald\" target=\"_blank\" rel=\"noopener\">lac de baignade<\/a> et l&rsquo;aire de jeux correspondante, situ\u00e9s pr\u00e8s de la <a href=\"https:\/\/www.brig-simplon.ch\/rosswald\" target=\"_blank\" rel=\"noopener\">station sup\u00e9rieure<\/a> du Rosswald, constituent une <a href=\"https:\/\/www.brig-simplon.ch\/ausflugstipps\" target=\"_blank\" rel=\"noopener\">excursion estivale<\/a> tr\u00e8s appr\u00e9ci\u00e9e de toute la <a href=\"https:\/\/www.brig-simplon.ch\/familien\" target=\"_blank\" rel=\"noopener\">famille<\/a>. Tour \u00e0 grimper, balan\u00e7oire, tennis de table, jeu d&rsquo;\u00e9quilibre et autres <a href=\"https:\/\/www.brig-simplon.ch\/poi\/badesee-rosswald\" target=\"_blank\" rel=\"noopener\">jeux<\/a> permettent de varier les plaisirs et de se divertir. Dans le <a href=\"https:\/\/www.brig-simplon.ch\/poi\/badesee-rosswald\" target=\"_blank\" rel=\"noopener\">lac de baignade<\/a>, on trouve un rafra\u00eechissement rafra\u00eechissant. Des tables avec des bancs sont disponibles pour un pique-nique.<\/p>\n<\/div>\n<p><!--more--><\/p>\n<\/div><\/section><br \/>\n\n<style type=\"text\/css\" data-created_by=\"avia_inline_auto\" id=\"style-css-av-l42i55e2-b65833d816b595fc6e8db928a727c4e8\">\n#top .hr.hr-invisible.av-l42i55e2-b65833d816b595fc6e8db928a727c4e8{\nheight:50px;\n}\n<\/style>\n<div  class='hr av-l42i55e2-b65833d816b595fc6e8db928a727c4e8 hr-invisible  avia-builder-el-5  el_after_av_textblock  el_before_av_button '><span class='hr-inner '><span class=\"hr-inner-style\"><\/span><\/span><\/div><br \/>\n<div  class='avia-button-wrap av-l42i4dvm-a971450fbf99884e85eef788973aa0f6-wrap avia-button-center  avia-builder-el-6  el_after_av_hr  avia-builder-el-last '><a href='https:\/\/www.brig-simplon.ch\/poi\/badesee-rosswald'  class='avia-button av-l42i4dvm-a971450fbf99884e85eef788973aa0f6 av-link-btn avia-icon_select-no avia-size-large avia-position-center avia-color-red'  target=\"_blank\"  rel=\"noopener noreferrer\"  aria-label=\"plus d&#039;informations\"><span class='avia_iconbox_title' >plus d&#039;informations<\/span><\/a><\/div><\/p><\/div><div  class='flex_column av-2lfkp-2738220573b7fd1b28df7dc02a634aae av_one_half  avia-builder-el-7  el_after_av_one_half  avia-builder-el-last  flex_column_div  '     ><div  class='av_gmaps_sc_main_wrap av_gmaps_main_wrap '><div id='av_gmap_0' class='avia-google-map-container avia-google-map-sc av_gmaps_show_unconditionally av-no-fallback-img ' data-mapid='av_gmap_0'  style='height: 400px;'><a class=\"av_gmaps_browser_disabled av_text_confirm_link av_text_confirm_link_visible\" href=\"https:\/\/www.google.com\/maps\/search\/?api=1&#038;query=lac%20de%20baignade%20Rosswald%203913%20Rosswald\" target=\"_blank\">Les cartes ont \u00e9t\u00e9 d\u00e9sactiv\u00e9es par le visiteur sur ce site. Cliquer pour ouvrir la carte dans une nouvelle fen\u00eatre.<\/a><\/div><\/div><\/div><\/p>\n","protected":false},"excerpt":{"rendered":"<p>Jeux et divertissements pour toute la famille Le lac de baignade et l&rsquo;aire de jeux correspondante, situ\u00e9s pr\u00e8s de la station sup\u00e9rieure du Rosswald, constituent une excursion estivale tr\u00e8s appr\u00e9ci\u00e9e de toute la famille. Tour \u00e0 grimper, balan\u00e7oire, tennis de table, jeu d&rsquo;\u00e9quilibre et autres jeux permettent de varier les plaisirs et de se divertir. [&hellip;]<\/p>\n","protected":false},"author":4,"featured_media":663,"parent":2555,"menu_order":0,"comment_status":"closed","ping_status":"closed","template":"","meta":{"footnotes":"","_links_to":"","_links_to_target":""},"class_list":["post-2558","page","type-page","status-publish","has-post-thumbnail","hentry"],"yoast_head":"<!-- This site is optimized with the Yoast SEO plugin v27.3 - https:\/\/yoast.com\/product\/yoast-seo-wordpress\/ -->\n<title>Lac de baignade et aire de jeux sur le Rosswald - Rosswald Bahnen<\/title>\n<meta name=\"description\" content=\"Pr\u00e8s du lac de baignade de Rosswald, en plus d&#039;un rafra\u00eechissement estival, une aire de jeux avec des jeux vari\u00e9s vous attend.\" \/>\n<meta name=\"robots\" content=\"index, follow, max-snippet:-1, max-image-preview:large, max-video-preview:-1\" \/>\n<link rel=\"canonical\" href=\"https:\/\/www.rosswald-bahnen.ch\/fr\/rosswald\/ete\/lac-de-baignade-et-aire-de-jeux\/\" \/>\n<meta property=\"og:locale\" content=\"fr_FR\" \/>\n<meta property=\"og:type\" content=\"article\" \/>\n<meta property=\"og:title\" content=\"Lac de baignade et aire de jeux sur le Rosswald - Rosswald Bahnen\" \/>\n<meta property=\"og:description\" content=\"Pr\u00e8s du lac de baignade de Rosswald, en plus d&#039;un rafra\u00eechissement estival, une aire de jeux avec des jeux vari\u00e9s vous attend.\" \/>\n<meta property=\"og:url\" content=\"https:\/\/www.rosswald-bahnen.ch\/fr\/rosswald\/ete\/lac-de-baignade-et-aire-de-jeux\/\" \/>\n<meta property=\"og:site_name\" content=\"Rosswald Bahnen\" \/>\n<meta property=\"article:publisher\" content=\"https:\/\/www.facebook.com\/rosswald.wallis\/\" \/>\n<meta property=\"article:modified_time\" content=\"2024-02-23T15:43:28+00:00\" \/>\n<meta property=\"og:image\" content=\"https:\/\/www.rosswald-bahnen.ch\/wp-content\/uploads\/2022\/06\/Badesee.jpeg\" \/>\n\t<meta property=\"og:image:width\" content=\"1600\" \/>\n\t<meta property=\"og:image:height\" content=\"1067\" \/>\n\t<meta property=\"og:image:type\" content=\"image\/jpeg\" \/>\n<meta name=\"twitter:card\" content=\"summary_large_image\" \/>\n<meta name=\"twitter:label1\" content=\"Dur\u00e9e de lecture estim\u00e9e\" \/>\n\t<meta name=\"twitter:data1\" content=\"8 minutes\" \/>\n<script type=\"application\/ld+json\" class=\"yoast-schema-graph\">{\"@context\":\"https:\\\/\\\/schema.org\",\"@graph\":[{\"@type\":\"WebPage\",\"@id\":\"https:\\\/\\\/www.rosswald-bahnen.ch\\\/fr\\\/rosswald\\\/ete\\\/lac-de-baignade-et-aire-de-jeux\\\/\",\"url\":\"https:\\\/\\\/www.rosswald-bahnen.ch\\\/fr\\\/rosswald\\\/ete\\\/lac-de-baignade-et-aire-de-jeux\\\/\",\"name\":\"Lac de baignade et aire de jeux sur le Rosswald - Rosswald Bahnen\",\"isPartOf\":{\"@id\":\"https:\\\/\\\/www.rosswald-bahnen.ch\\\/#website\"},\"primaryImageOfPage\":{\"@id\":\"https:\\\/\\\/www.rosswald-bahnen.ch\\\/fr\\\/rosswald\\\/ete\\\/lac-de-baignade-et-aire-de-jeux\\\/#primaryimage\"},\"image\":{\"@id\":\"https:\\\/\\\/www.rosswald-bahnen.ch\\\/fr\\\/rosswald\\\/ete\\\/lac-de-baignade-et-aire-de-jeux\\\/#primaryimage\"},\"thumbnailUrl\":\"https:\\\/\\\/www.rosswald-bahnen.ch\\\/wp-content\\\/uploads\\\/2022\\\/06\\\/Badesee.jpeg\",\"datePublished\":\"2022-07-27T10:33:00+00:00\",\"dateModified\":\"2024-02-23T15:43:28+00:00\",\"description\":\"Pr\u00e8s du lac de baignade de Rosswald, en plus d'un rafra\u00eechissement estival, une aire de jeux avec des jeux vari\u00e9s vous attend.\",\"breadcrumb\":{\"@id\":\"https:\\\/\\\/www.rosswald-bahnen.ch\\\/fr\\\/rosswald\\\/ete\\\/lac-de-baignade-et-aire-de-jeux\\\/#breadcrumb\"},\"inLanguage\":\"fr-FR\",\"potentialAction\":[{\"@type\":\"ReadAction\",\"target\":[\"https:\\\/\\\/www.rosswald-bahnen.ch\\\/fr\\\/rosswald\\\/ete\\\/lac-de-baignade-et-aire-de-jeux\\\/\"]}]},{\"@type\":\"ImageObject\",\"inLanguage\":\"fr-FR\",\"@id\":\"https:\\\/\\\/www.rosswald-bahnen.ch\\\/fr\\\/rosswald\\\/ete\\\/lac-de-baignade-et-aire-de-jeux\\\/#primaryimage\",\"url\":\"https:\\\/\\\/www.rosswald-bahnen.ch\\\/wp-content\\\/uploads\\\/2022\\\/06\\\/Badesee.jpeg\",\"contentUrl\":\"https:\\\/\\\/www.rosswald-bahnen.ch\\\/wp-content\\\/uploads\\\/2022\\\/06\\\/Badesee.jpeg\",\"width\":1600,\"height\":1067},{\"@type\":\"BreadcrumbList\",\"@id\":\"https:\\\/\\\/www.rosswald-bahnen.ch\\\/fr\\\/rosswald\\\/ete\\\/lac-de-baignade-et-aire-de-jeux\\\/#breadcrumb\",\"itemListElement\":[{\"@type\":\"ListItem\",\"position\":1,\"name\":\"Startseite\",\"item\":\"https:\\\/\\\/www.rosswald-bahnen.ch\\\/fr\\\/\"},{\"@type\":\"ListItem\",\"position\":2,\"name\":\"Rosswald\",\"item\":\"https:\\\/\\\/www.rosswald-bahnen.ch\\\/fr\\\/\"},{\"@type\":\"ListItem\",\"position\":3,\"name\":\"\u00c9t\u00e9\",\"item\":\"https:\\\/\\\/www.rosswald-bahnen.ch\\\/fr\\\/rosswald\\\/ete\\\/\"},{\"@type\":\"ListItem\",\"position\":4,\"name\":\"Lac de baignade et aire de jeux\"}]},{\"@type\":\"WebSite\",\"@id\":\"https:\\\/\\\/www.rosswald-bahnen.ch\\\/#website\",\"url\":\"https:\\\/\\\/www.rosswald-bahnen.ch\\\/\",\"name\":\"Rosswald Bahnen\",\"description\":\"\",\"publisher\":{\"@id\":\"https:\\\/\\\/www.rosswald-bahnen.ch\\\/#organization\"},\"potentialAction\":[{\"@type\":\"SearchAction\",\"target\":{\"@type\":\"EntryPoint\",\"urlTemplate\":\"https:\\\/\\\/www.rosswald-bahnen.ch\\\/?s={search_term_string}\"},\"query-input\":{\"@type\":\"PropertyValueSpecification\",\"valueRequired\":true,\"valueName\":\"search_term_string\"}}],\"inLanguage\":\"fr-FR\"},{\"@type\":\"Organization\",\"@id\":\"https:\\\/\\\/www.rosswald-bahnen.ch\\\/#organization\",\"name\":\"Rosswald Bahnen\",\"url\":\"https:\\\/\\\/www.rosswald-bahnen.ch\\\/\",\"logo\":{\"@type\":\"ImageObject\",\"inLanguage\":\"fr-FR\",\"@id\":\"https:\\\/\\\/www.rosswald-bahnen.ch\\\/#\\\/schema\\\/logo\\\/image\\\/\",\"url\":\"https:\\\/\\\/www.rosswald-bahnen.ch\\\/wp-content\\\/uploads\\\/2022\\\/05\\\/rosswaldbahnen-logo.png\",\"contentUrl\":\"https:\\\/\\\/www.rosswald-bahnen.ch\\\/wp-content\\\/uploads\\\/2022\\\/05\\\/rosswaldbahnen-logo.png\",\"width\":266,\"height\":84,\"caption\":\"Rosswald Bahnen\"},\"image\":{\"@id\":\"https:\\\/\\\/www.rosswald-bahnen.ch\\\/#\\\/schema\\\/logo\\\/image\\\/\"},\"sameAs\":[\"https:\\\/\\\/www.facebook.com\\\/rosswald.wallis\\\/\"]}]}<\/script>\n<!-- \/ Yoast SEO plugin. -->","yoast_head_json":{"title":"Lac de baignade et aire de jeux sur le Rosswald - Rosswald Bahnen","description":"Pr\u00e8s du lac de baignade de Rosswald, en plus d'un rafra\u00eechissement estival, une aire de jeux avec des jeux vari\u00e9s vous attend.","robots":{"index":"index","follow":"follow","max-snippet":"max-snippet:-1","max-image-preview":"max-image-preview:large","max-video-preview":"max-video-preview:-1"},"canonical":"https:\/\/www.rosswald-bahnen.ch\/fr\/rosswald\/ete\/lac-de-baignade-et-aire-de-jeux\/","og_locale":"fr_FR","og_type":"article","og_title":"Lac de baignade et aire de jeux sur le Rosswald - Rosswald Bahnen","og_description":"Pr\u00e8s du lac de baignade de Rosswald, en plus d'un rafra\u00eechissement estival, une aire de jeux avec des jeux vari\u00e9s vous attend.","og_url":"https:\/\/www.rosswald-bahnen.ch\/fr\/rosswald\/ete\/lac-de-baignade-et-aire-de-jeux\/","og_site_name":"Rosswald Bahnen","article_publisher":"https:\/\/www.facebook.com\/rosswald.wallis\/","article_modified_time":"2024-02-23T15:43:28+00:00","og_image":[{"width":1600,"height":1067,"url":"https:\/\/www.rosswald-bahnen.ch\/wp-content\/uploads\/2022\/06\/Badesee.jpeg","type":"image\/jpeg"}],"twitter_card":"summary_large_image","twitter_misc":{"Dur\u00e9e de lecture estim\u00e9e":"8 minutes"},"schema":{"@context":"https:\/\/schema.org","@graph":[{"@type":"WebPage","@id":"https:\/\/www.rosswald-bahnen.ch\/fr\/rosswald\/ete\/lac-de-baignade-et-aire-de-jeux\/","url":"https:\/\/www.rosswald-bahnen.ch\/fr\/rosswald\/ete\/lac-de-baignade-et-aire-de-jeux\/","name":"Lac de baignade et aire de jeux sur le Rosswald - Rosswald Bahnen","isPartOf":{"@id":"https:\/\/www.rosswald-bahnen.ch\/#website"},"primaryImageOfPage":{"@id":"https:\/\/www.rosswald-bahnen.ch\/fr\/rosswald\/ete\/lac-de-baignade-et-aire-de-jeux\/#primaryimage"},"image":{"@id":"https:\/\/www.rosswald-bahnen.ch\/fr\/rosswald\/ete\/lac-de-baignade-et-aire-de-jeux\/#primaryimage"},"thumbnailUrl":"https:\/\/www.rosswald-bahnen.ch\/wp-content\/uploads\/2022\/06\/Badesee.jpeg","datePublished":"2022-07-27T10:33:00+00:00","dateModified":"2024-02-23T15:43:28+00:00","description":"Pr\u00e8s du lac de baignade de Rosswald, en plus d'un rafra\u00eechissement estival, une aire de jeux avec des jeux vari\u00e9s vous attend.","breadcrumb":{"@id":"https:\/\/www.rosswald-bahnen.ch\/fr\/rosswald\/ete\/lac-de-baignade-et-aire-de-jeux\/#breadcrumb"},"inLanguage":"fr-FR","potentialAction":[{"@type":"ReadAction","target":["https:\/\/www.rosswald-bahnen.ch\/fr\/rosswald\/ete\/lac-de-baignade-et-aire-de-jeux\/"]}]},{"@type":"ImageObject","inLanguage":"fr-FR","@id":"https:\/\/www.rosswald-bahnen.ch\/fr\/rosswald\/ete\/lac-de-baignade-et-aire-de-jeux\/#primaryimage","url":"https:\/\/www.rosswald-bahnen.ch\/wp-content\/uploads\/2022\/06\/Badesee.jpeg","contentUrl":"https:\/\/www.rosswald-bahnen.ch\/wp-content\/uploads\/2022\/06\/Badesee.jpeg","width":1600,"height":1067},{"@type":"BreadcrumbList","@id":"https:\/\/www.rosswald-bahnen.ch\/fr\/rosswald\/ete\/lac-de-baignade-et-aire-de-jeux\/#breadcrumb","itemListElement":[{"@type":"ListItem","position":1,"name":"Startseite","item":"https:\/\/www.rosswald-bahnen.ch\/fr\/"},{"@type":"ListItem","position":2,"name":"Rosswald","item":"https:\/\/www.rosswald-bahnen.ch\/fr\/"},{"@type":"ListItem","position":3,"name":"\u00c9t\u00e9","item":"https:\/\/www.rosswald-bahnen.ch\/fr\/rosswald\/ete\/"},{"@type":"ListItem","position":4,"name":"Lac de baignade et aire de jeux"}]},{"@type":"WebSite","@id":"https:\/\/www.rosswald-bahnen.ch\/#website","url":"https:\/\/www.rosswald-bahnen.ch\/","name":"Rosswald Bahnen","description":"","publisher":{"@id":"https:\/\/www.rosswald-bahnen.ch\/#organization"},"potentialAction":[{"@type":"SearchAction","target":{"@type":"EntryPoint","urlTemplate":"https:\/\/www.rosswald-bahnen.ch\/?s={search_term_string}"},"query-input":{"@type":"PropertyValueSpecification","valueRequired":true,"valueName":"search_term_string"}}],"inLanguage":"fr-FR"},{"@type":"Organization","@id":"https:\/\/www.rosswald-bahnen.ch\/#organization","name":"Rosswald Bahnen","url":"https:\/\/www.rosswald-bahnen.ch\/","logo":{"@type":"ImageObject","inLanguage":"fr-FR","@id":"https:\/\/www.rosswald-bahnen.ch\/#\/schema\/logo\/image\/","url":"https:\/\/www.rosswald-bahnen.ch\/wp-content\/uploads\/2022\/05\/rosswaldbahnen-logo.png","contentUrl":"https:\/\/www.rosswald-bahnen.ch\/wp-content\/uploads\/2022\/05\/rosswaldbahnen-logo.png","width":266,"height":84,"caption":"Rosswald Bahnen"},"image":{"@id":"https:\/\/www.rosswald-bahnen.ch\/#\/schema\/logo\/image\/"},"sameAs":["https:\/\/www.facebook.com\/rosswald.wallis\/"]}]}},"_links":{"self":[{"href":"https:\/\/www.rosswald-bahnen.ch\/fr\/wp-json\/wp\/v2\/pages\/2558","targetHints":{"allow":["GET"]}}],"collection":[{"href":"https:\/\/www.rosswald-bahnen.ch\/fr\/wp-json\/wp\/v2\/pages"}],"about":[{"href":"https:\/\/www.rosswald-bahnen.ch\/fr\/wp-json\/wp\/v2\/types\/page"}],"author":[{"embeddable":true,"href":"https:\/\/www.rosswald-bahnen.ch\/fr\/wp-json\/wp\/v2\/users\/4"}],"replies":[{"embeddable":true,"href":"https:\/\/www.rosswald-bahnen.ch\/fr\/wp-json\/wp\/v2\/comments?post=2558"}],"version-history":[{"count":4,"href":"https:\/\/www.rosswald-bahnen.ch\/fr\/wp-json\/wp\/v2\/pages\/2558\/revisions"}],"predecessor-version":[{"id":4975,"href":"https:\/\/www.rosswald-bahnen.ch\/fr\/wp-json\/wp\/v2\/pages\/2558\/revisions\/4975"}],"up":[{"embeddable":true,"href":"https:\/\/www.rosswald-bahnen.ch\/fr\/wp-json\/wp\/v2\/pages\/2555"}],"wp:featuredmedia":[{"embeddable":true,"href":"https:\/\/www.rosswald-bahnen.ch\/fr\/wp-json\/wp\/v2\/media\/663"}],"wp:attachment":[{"href":"https:\/\/www.rosswald-bahnen.ch\/fr\/wp-json\/wp\/v2\/media?parent=2558"}],"curies":[{"name":"wp","href":"https:\/\/api.w.org\/{rel}","templated":true}]}}