{"id":2474,"date":"2022-07-26T09:21:12","date_gmt":"2022-07-26T07:21:12","guid":{"rendered":"https:\/\/neu.rosswald-bahnen.ch\/acheter-des-billets\/"},"modified":"2022-12-13T14:15:26","modified_gmt":"2022-12-13T13:15:26","slug":"acheter-des-billets","status":"publish","type":"page","link":"https:\/\/www.rosswald-bahnen.ch\/fr\/billets-et-tarifs\/acheter-des-billets\/","title":{"rendered":"Acheter des billets"},"content":{"rendered":"\n<style type=\"text\/css\" data-created_by=\"avia_inline_auto\" id=\"style-css-av-l3q0kq6p-a8a68353a932acda5f4d1f070976bc2b\">\n.avia-section.av-l3q0kq6p-a8a68353a932acda5f4d1f070976bc2b .av-parallax .av-parallax-inner{\nbackground-repeat:no-repeat;\nbackground-image:url(https:\/\/www.rosswald-bahnen.ch\/wp-content\/uploads\/2022\/07\/48582006787_43687ca8bb_k-1500x1000.jpg);\nbackground-position:50% 50%;\nbackground-attachment:scroll;\n}\n#top .avia-section.av-l3q0kq6p-a8a68353a932acda5f4d1f070976bc2b .scroll-down-link{\ncolor:#b02b2c;\n}\n#top .avia-section.av-l3q0kq6p-a8a68353a932acda5f4d1f070976bc2b .scroll-down-link.avia-svg-icon svg:first-child{\nstroke:#b02b2c;\nfill:#b02b2c;\n}\n<\/style>\n<div id='av_section_1'  class='avia-section av-l3q0kq6p-a8a68353a932acda5f4d1f070976bc2b main_color avia-section-default avia-no-border-styling  avia-builder-el-0  el_before_av_section  avia-builder-el-first  summer avia-full-stretch av-parallax-section avia-bg-style-parallax av-minimum-height av-minimum-height-50 av-height-50  container_wrap fullsize'  data-section-bg-repeat='stretch' data-av_minimum_height_pc='50' data-av_min_height_opt='50'><div class='av-parallax' data-avia-parallax-ratio='0.3' ><div class='av-parallax-inner main_color avia-full-stretch'><\/div><\/div><div class=\"av-section-color-overlay-wrap\"><a href='#next-section' title='' class='scroll-down-link av-custom-scroll-down-color avia-svg-icon avia-font-svg_entypo-fontello' data-av_svg_icon='down-open-mini' data-av_iconset='svg_entypo-fontello'><svg version=\"1.1\" xmlns=\"http:\/\/www.w3.org\/2000\/svg\" width=\"15\" height=\"32\" viewBox=\"0 0 15 32\" preserveAspectRatio=\"xMidYMid meet\" aria-labelledby='av-svg-title-1' aria-describedby='av-svg-desc-1' role=\"graphics-symbol\" aria-hidden=\"true\">\n<title id='av-svg-title-1'>Scroller vers la prochaine section<\/title>\n<desc id='av-svg-desc-1'>Scroller vers la prochaine section<\/desc>\n<path d=\"M12.96 12.16q0.704-0.832 1.536 0 0.832 0.704 0 1.536l-6.272 6.144q-0.704 0.704-1.536 0l-6.272-6.144q-0.832-0.832 0-1.536 0.768-0.768 1.6 0l5.44 4.992z\"><\/path>\n<\/svg><\/a><div class='container av-section-cont-open' ><main  role=\"main\" itemprop=\"mainContentOfPage\"  class='template-page content  av-content-full alpha units'><div class='post-entry post-entry-type-page post-entry-2474'><div class='entry-content-wrapper clearfix'>\n<\/div><\/div><\/main><!-- close content main element --><\/div><\/div><\/div>\n<style type=\"text\/css\" data-created_by=\"avia_inline_auto\" id=\"style-css-av-lbm8xu1i-a17384975d22fa891bbbc5b4f01557ae\">\n.avia-section.av-lbm8xu1i-a17384975d22fa891bbbc5b4f01557ae .av-parallax .av-parallax-inner{\nbackground-repeat:no-repeat;\nbackground-image:url(https:\/\/www.rosswald-bahnen.ch\/wp-content\/uploads\/2022\/05\/Rosswald_Hintergrundbild_2016-2.jpg);\nbackground-position:50% 100%;\nbackground-attachment:scroll;\n}\n#top .avia-section.av-lbm8xu1i-a17384975d22fa891bbbc5b4f01557ae .scroll-down-link{\ncolor:#b02b2c;\n}\n#top .avia-section.av-lbm8xu1i-a17384975d22fa891bbbc5b4f01557ae .scroll-down-link.avia-svg-icon svg:first-child{\nstroke:#b02b2c;\nfill:#b02b2c;\n}\n<\/style>\n<div id='av_section_2'  class='avia-section av-lbm8xu1i-a17384975d22fa891bbbc5b4f01557ae main_color avia-section-default avia-no-border-styling  avia-builder-el-1  el_after_av_section  el_before_av_heading  winter avia-full-stretch av-parallax-section avia-bg-style-parallax av-minimum-height av-minimum-height-50 av-height-50  container_wrap fullsize'  data-section-bg-repeat='stretch' data-av_minimum_height_pc='50' data-av_min_height_opt='50'><div class='av-parallax' data-avia-parallax-ratio='0.3' ><div class='av-parallax-inner main_color avia-full-stretch'><\/div><\/div><div class=\"av-section-color-overlay-wrap\"><a href='#next-section' title='' class='scroll-down-link av-custom-scroll-down-color avia-svg-icon avia-font-svg_entypo-fontello' data-av_svg_icon='down-open-mini' data-av_iconset='svg_entypo-fontello'><svg version=\"1.1\" xmlns=\"http:\/\/www.w3.org\/2000\/svg\" width=\"15\" height=\"32\" viewBox=\"0 0 15 32\" preserveAspectRatio=\"xMidYMid meet\" aria-labelledby='av-svg-title-2' aria-describedby='av-svg-desc-2' role=\"graphics-symbol\" aria-hidden=\"true\">\n<title id='av-svg-title-2'>Scroller vers la prochaine section<\/title>\n<desc id='av-svg-desc-2'>Scroller vers la prochaine section<\/desc>\n<path d=\"M12.96 12.16q0.704-0.832 1.536 0 0.832 0.704 0 1.536l-6.272 6.144q-0.704 0.704-1.536 0l-6.272-6.144q-0.832-0.832 0-1.536 0.768-0.768 1.6 0l5.44 4.992z\"><\/path>\n<\/svg><\/a><div class='container av-section-cont-open' ><div class='template-page content  av-content-full alpha units'><div class='post-entry post-entry-type-page post-entry-2474'><div class='entry-content-wrapper clearfix'><\/div><\/div><\/div><!-- close content main div --><\/div><\/div><\/div><div id='after_section_2'  class='main_color av_default_container_wrap container_wrap fullsize'  ><div class='container av-section-cont-open' ><div class='template-page content  av-content-full alpha units'><div class='post-entry post-entry-type-page post-entry-2474'><div class='entry-content-wrapper clearfix'>\n\n<style type=\"text\/css\" data-created_by=\"avia_inline_auto\" id=\"style-css-av-l3scwvmw-dc35534c7190ad30e4cce3952d3e05dd\">\n#top .av-special-heading.av-l3scwvmw-dc35534c7190ad30e4cce3952d3e05dd{\npadding-bottom:10px;\n}\nbody .av-special-heading.av-l3scwvmw-dc35534c7190ad30e4cce3952d3e05dd .av-special-heading-tag .heading-char{\nfont-size:25px;\n}\n.av-special-heading.av-l3scwvmw-dc35534c7190ad30e4cce3952d3e05dd .av-subheading{\nfont-size:15px;\n}\n<\/style>\n<div  class='av-special-heading av-l3scwvmw-dc35534c7190ad30e4cce3952d3e05dd av-special-heading-h1 blockquote elegant-quote elegant-centered  avia-builder-el-2  el_after_av_section  el_before_av_hr  avia-builder-el-first '><h1 class='av-special-heading-tag '  itemprop=\"headline\"  ><span class=\"heading-wrap\">Acheter des billets<\/span><\/h1><div class=\"special-heading-border\"><div class=\"special-heading-inner-border\"><\/div><\/div><\/div>\n\n<style type=\"text\/css\" data-created_by=\"avia_inline_auto\" id=\"style-css-av-l3scxgdq-43309ff15026e3ac8101e1a644ab7e01\">\n#top .hr.hr-invisible.av-l3scxgdq-43309ff15026e3ac8101e1a644ab7e01{\nheight:50px;\n}\n<\/style>\n<div  class='hr av-l3scxgdq-43309ff15026e3ac8101e1a644ab7e01 hr-invisible  avia-builder-el-3  el_after_av_heading  el_before_av_section  avia-builder-el-last '><span class='hr-inner '><span class=\"hr-inner-style\"><\/span><\/span><\/div>\n<\/div><\/div><\/div><!-- close content main div --><\/div><\/div><div id='av_section_3'  class='avia-section av-8q0ax-a8884830adc4f72ef633e4ec6080ebfe main_color avia-section-default avia-no-border-styling  avia-builder-el-4  el_after_av_hr  avia-builder-el-last  avia-bg-style-scroll container_wrap fullsize'  ><div class='container av-section-cont-open' ><div class='template-page content  av-content-full alpha units'><div class='post-entry post-entry-type-page post-entry-2474'><div class='entry-content-wrapper clearfix'>\n<div  class='avia-builder-widget-area clearfix  avia-builder-el-5  avia-builder-el-no-sibling '><div id=\"codewidget-8\" class=\"widget clearfix widget_codewidget\"><div class=\"code-widget\"><!-- Element in das der TOSC5 geladen werden soll -->\r\n<div id=\"tosc5target\"><\/div>\r\n\r\n<!-- TOSC5 Implementation Anfang -->\r\n<script>\r\n\twindow.dw = window.dw || function () { (dw.q = dw.q || []).push(arguments) };\r\n\tdw('settings', '365f47b1-abc3-4c46-9303-a7032d2bc9f3',\r\n\t\t{\r\n\t\t\t\"context\": {\r\n\t\t\t\t\"targetRoute\":[\r\n\t\t\t\t\t\"\/forfaitsdeski\"\r\n\t\t\t\t]\r\n\t\t\t},\r\n\t\t\t\"lang\": 'fr',\r\n            \"profileOverrides\":[\r\n                        \"general.header.visible=false\",\r\n                        \"general.navigation.visible=false\"\r\n            ],\r\n\t\t\t\"loadingAnimationColor\": {\r\n          \t      \"main\": '#000000',\r\n          \t      \"alt\": '#94110a'\r\n\t\t  \t},\r\n\t\t  \t\"styleResources\":[\r\n\t\t  \t\t'https:\/\/www.rosswald-bahnen.ch\/wp-content\/themes\/enfold-child\/style-deskline.css'\r\n\t\t\t],\r\n\t\t\t\"target\": \"tosc5target\",\r\n\t\t\t\/\/Definition der Basis-URL\r\n\t\t\t\"baseHref\": \"\/fr\/billets-et-tarifs\/acheter-des-billets\/\"}\r\n\t\t);\r\n<\/script>\r\n<script async src=\"https:\/\/resc.deskline.net\/DW5\/start\/BRIGBELALP\/365f47b1-abc3-4c46-9303-a7032d2bc9f3\/index.js\"><\/script>\r\n<!-- TOSC5 Implementation Ende -->\r\n<\/div><\/div><\/div>\n\n","protected":false},"excerpt":{"rendered":"","protected":false},"author":4,"featured_media":0,"parent":2657,"menu_order":5,"comment_status":"closed","ping_status":"closed","template":"","meta":{"footnotes":"","_links_to":"","_links_to_target":""},"class_list":["post-2474","page","type-page","status-publish","hentry"],"yoast_head":"<!-- This site is optimized with the Yoast SEO plugin v27.5 - https:\/\/yoast.com\/product\/yoast-seo-wordpress\/ -->\n<title>Acheter des billets - Rosswald Bahnen<\/title>\n<meta name=\"description\" content=\"Tu trouveras ici une offre vari\u00e9e de forfaits de ski pour les remont\u00e9es m\u00e9caniques de Rosswald. Tu peux facilement acheter ta carte journali\u00e8re ou ton forfait saison \u00e0 l&#039;avance.\" \/>\n<meta name=\"robots\" content=\"index, follow, max-snippet:-1, max-image-preview:large, max-video-preview:-1\" \/>\n<link rel=\"canonical\" href=\"https:\/\/www.rosswald-bahnen.ch\/fr\/billets-et-tarifs\/acheter-des-billets\/\" \/>\n<meta property=\"og:locale\" content=\"fr_FR\" \/>\n<meta property=\"og:type\" content=\"article\" \/>\n<meta property=\"og:title\" content=\"Acheter des billets - Rosswald Bahnen\" \/>\n<meta property=\"og:description\" content=\"Tu trouveras ici une offre vari\u00e9e de forfaits de ski pour les remont\u00e9es m\u00e9caniques de Rosswald. Tu peux facilement acheter ta carte journali\u00e8re ou ton forfait saison \u00e0 l&#039;avance.\" \/>\n<meta property=\"og:url\" content=\"https:\/\/www.rosswald-bahnen.ch\/fr\/billets-et-tarifs\/acheter-des-billets\/\" \/>\n<meta property=\"og:site_name\" content=\"Rosswald Bahnen\" \/>\n<meta property=\"article:publisher\" content=\"https:\/\/www.facebook.com\/rosswald.wallis\/\" \/>\n<meta property=\"article:modified_time\" content=\"2022-12-13T13:15:26+00:00\" \/>\n<meta name=\"twitter:card\" content=\"summary_large_image\" \/>\n<meta name=\"twitter:label1\" content=\"Dur\u00e9e de lecture estim\u00e9e\" \/>\n\t<meta name=\"twitter:data1\" content=\"2 minutes\" \/>\n<script type=\"application\/ld+json\" class=\"yoast-schema-graph\">{\"@context\":\"https:\\\/\\\/schema.org\",\"@graph\":[{\"@type\":\"WebPage\",\"@id\":\"https:\\\/\\\/www.rosswald-bahnen.ch\\\/fr\\\/billets-et-tarifs\\\/acheter-des-billets\\\/\",\"url\":\"https:\\\/\\\/www.rosswald-bahnen.ch\\\/fr\\\/billets-et-tarifs\\\/acheter-des-billets\\\/\",\"name\":\"Acheter des billets - Rosswald Bahnen\",\"isPartOf\":{\"@id\":\"https:\\\/\\\/www.rosswald-bahnen.ch\\\/#website\"},\"datePublished\":\"2022-07-26T07:21:12+00:00\",\"dateModified\":\"2022-12-13T13:15:26+00:00\",\"description\":\"Tu trouveras ici une offre vari\u00e9e de forfaits de ski pour les remont\u00e9es m\u00e9caniques de Rosswald. Tu peux facilement acheter ta carte journali\u00e8re ou ton forfait saison \u00e0 l'avance.\",\"breadcrumb\":{\"@id\":\"https:\\\/\\\/www.rosswald-bahnen.ch\\\/fr\\\/billets-et-tarifs\\\/acheter-des-billets\\\/#breadcrumb\"},\"inLanguage\":\"fr-FR\",\"potentialAction\":[{\"@type\":\"ReadAction\",\"target\":[\"https:\\\/\\\/www.rosswald-bahnen.ch\\\/fr\\\/billets-et-tarifs\\\/acheter-des-billets\\\/\"]}]},{\"@type\":\"BreadcrumbList\",\"@id\":\"https:\\\/\\\/www.rosswald-bahnen.ch\\\/fr\\\/billets-et-tarifs\\\/acheter-des-billets\\\/#breadcrumb\",\"itemListElement\":[{\"@type\":\"ListItem\",\"position\":1,\"name\":\"Startseite\",\"item\":\"https:\\\/\\\/www.rosswald-bahnen.ch\\\/fr\\\/\"},{\"@type\":\"ListItem\",\"position\":2,\"name\":\"Billets et tarifs\",\"item\":\"https:\\\/\\\/www.rosswald-bahnen.ch\\\/fr\\\/billets-et-tarifs\\\/\"},{\"@type\":\"ListItem\",\"position\":3,\"name\":\"Acheter des billets\"}]},{\"@type\":\"WebSite\",\"@id\":\"https:\\\/\\\/www.rosswald-bahnen.ch\\\/#website\",\"url\":\"https:\\\/\\\/www.rosswald-bahnen.ch\\\/\",\"name\":\"Rosswald Bahnen\",\"description\":\"\",\"publisher\":{\"@id\":\"https:\\\/\\\/www.rosswald-bahnen.ch\\\/#organization\"},\"potentialAction\":[{\"@type\":\"SearchAction\",\"target\":{\"@type\":\"EntryPoint\",\"urlTemplate\":\"https:\\\/\\\/www.rosswald-bahnen.ch\\\/?s={search_term_string}\"},\"query-input\":{\"@type\":\"PropertyValueSpecification\",\"valueRequired\":true,\"valueName\":\"search_term_string\"}}],\"inLanguage\":\"fr-FR\"},{\"@type\":\"Organization\",\"@id\":\"https:\\\/\\\/www.rosswald-bahnen.ch\\\/#organization\",\"name\":\"Rosswald Bahnen\",\"url\":\"https:\\\/\\\/www.rosswald-bahnen.ch\\\/\",\"logo\":{\"@type\":\"ImageObject\",\"inLanguage\":\"fr-FR\",\"@id\":\"https:\\\/\\\/www.rosswald-bahnen.ch\\\/#\\\/schema\\\/logo\\\/image\\\/\",\"url\":\"https:\\\/\\\/www.rosswald-bahnen.ch\\\/wp-content\\\/uploads\\\/2022\\\/05\\\/rosswaldbahnen-logo.png\",\"contentUrl\":\"https:\\\/\\\/www.rosswald-bahnen.ch\\\/wp-content\\\/uploads\\\/2022\\\/05\\\/rosswaldbahnen-logo.png\",\"width\":266,\"height\":84,\"caption\":\"Rosswald Bahnen\"},\"image\":{\"@id\":\"https:\\\/\\\/www.rosswald-bahnen.ch\\\/#\\\/schema\\\/logo\\\/image\\\/\"},\"sameAs\":[\"https:\\\/\\\/www.facebook.com\\\/rosswald.wallis\\\/\"]}]}<\/script>\n<!-- \/ Yoast SEO plugin. -->","yoast_head_json":{"title":"Acheter des billets - Rosswald Bahnen","description":"Tu trouveras ici une offre vari\u00e9e de forfaits de ski pour les remont\u00e9es m\u00e9caniques de Rosswald. Tu peux facilement acheter ta carte journali\u00e8re ou ton forfait saison \u00e0 l'avance.","robots":{"index":"index","follow":"follow","max-snippet":"max-snippet:-1","max-image-preview":"max-image-preview:large","max-video-preview":"max-video-preview:-1"},"canonical":"https:\/\/www.rosswald-bahnen.ch\/fr\/billets-et-tarifs\/acheter-des-billets\/","og_locale":"fr_FR","og_type":"article","og_title":"Acheter des billets - Rosswald Bahnen","og_description":"Tu trouveras ici une offre vari\u00e9e de forfaits de ski pour les remont\u00e9es m\u00e9caniques de Rosswald. Tu peux facilement acheter ta carte journali\u00e8re ou ton forfait saison \u00e0 l'avance.","og_url":"https:\/\/www.rosswald-bahnen.ch\/fr\/billets-et-tarifs\/acheter-des-billets\/","og_site_name":"Rosswald Bahnen","article_publisher":"https:\/\/www.facebook.com\/rosswald.wallis\/","article_modified_time":"2022-12-13T13:15:26+00:00","twitter_card":"summary_large_image","twitter_misc":{"Dur\u00e9e de lecture estim\u00e9e":"2 minutes"},"schema":{"@context":"https:\/\/schema.org","@graph":[{"@type":"WebPage","@id":"https:\/\/www.rosswald-bahnen.ch\/fr\/billets-et-tarifs\/acheter-des-billets\/","url":"https:\/\/www.rosswald-bahnen.ch\/fr\/billets-et-tarifs\/acheter-des-billets\/","name":"Acheter des billets - Rosswald Bahnen","isPartOf":{"@id":"https:\/\/www.rosswald-bahnen.ch\/#website"},"datePublished":"2022-07-26T07:21:12+00:00","dateModified":"2022-12-13T13:15:26+00:00","description":"Tu trouveras ici une offre vari\u00e9e de forfaits de ski pour les remont\u00e9es m\u00e9caniques de Rosswald. Tu peux facilement acheter ta carte journali\u00e8re ou ton forfait saison \u00e0 l'avance.","breadcrumb":{"@id":"https:\/\/www.rosswald-bahnen.ch\/fr\/billets-et-tarifs\/acheter-des-billets\/#breadcrumb"},"inLanguage":"fr-FR","potentialAction":[{"@type":"ReadAction","target":["https:\/\/www.rosswald-bahnen.ch\/fr\/billets-et-tarifs\/acheter-des-billets\/"]}]},{"@type":"BreadcrumbList","@id":"https:\/\/www.rosswald-bahnen.ch\/fr\/billets-et-tarifs\/acheter-des-billets\/#breadcrumb","itemListElement":[{"@type":"ListItem","position":1,"name":"Startseite","item":"https:\/\/www.rosswald-bahnen.ch\/fr\/"},{"@type":"ListItem","position":2,"name":"Billets et tarifs","item":"https:\/\/www.rosswald-bahnen.ch\/fr\/billets-et-tarifs\/"},{"@type":"ListItem","position":3,"name":"Acheter des billets"}]},{"@type":"WebSite","@id":"https:\/\/www.rosswald-bahnen.ch\/#website","url":"https:\/\/www.rosswald-bahnen.ch\/","name":"Rosswald Bahnen","description":"","publisher":{"@id":"https:\/\/www.rosswald-bahnen.ch\/#organization"},"potentialAction":[{"@type":"SearchAction","target":{"@type":"EntryPoint","urlTemplate":"https:\/\/www.rosswald-bahnen.ch\/?s={search_term_string}"},"query-input":{"@type":"PropertyValueSpecification","valueRequired":true,"valueName":"search_term_string"}}],"inLanguage":"fr-FR"},{"@type":"Organization","@id":"https:\/\/www.rosswald-bahnen.ch\/#organization","name":"Rosswald Bahnen","url":"https:\/\/www.rosswald-bahnen.ch\/","logo":{"@type":"ImageObject","inLanguage":"fr-FR","@id":"https:\/\/www.rosswald-bahnen.ch\/#\/schema\/logo\/image\/","url":"https:\/\/www.rosswald-bahnen.ch\/wp-content\/uploads\/2022\/05\/rosswaldbahnen-logo.png","contentUrl":"https:\/\/www.rosswald-bahnen.ch\/wp-content\/uploads\/2022\/05\/rosswaldbahnen-logo.png","width":266,"height":84,"caption":"Rosswald Bahnen"},"image":{"@id":"https:\/\/www.rosswald-bahnen.ch\/#\/schema\/logo\/image\/"},"sameAs":["https:\/\/www.facebook.com\/rosswald.wallis\/"]}]}},"_links":{"self":[{"href":"https:\/\/www.rosswald-bahnen.ch\/fr\/wp-json\/wp\/v2\/pages\/2474","targetHints":{"allow":["GET"]}}],"collection":[{"href":"https:\/\/www.rosswald-bahnen.ch\/fr\/wp-json\/wp\/v2\/pages"}],"about":[{"href":"https:\/\/www.rosswald-bahnen.ch\/fr\/wp-json\/wp\/v2\/types\/page"}],"author":[{"embeddable":true,"href":"https:\/\/www.rosswald-bahnen.ch\/fr\/wp-json\/wp\/v2\/users\/4"}],"replies":[{"embeddable":true,"href":"https:\/\/www.rosswald-bahnen.ch\/fr\/wp-json\/wp\/v2\/comments?post=2474"}],"version-history":[{"count":18,"href":"https:\/\/www.rosswald-bahnen.ch\/fr\/wp-json\/wp\/v2\/pages\/2474\/revisions"}],"predecessor-version":[{"id":3846,"href":"https:\/\/www.rosswald-bahnen.ch\/fr\/wp-json\/wp\/v2\/pages\/2474\/revisions\/3846"}],"up":[{"embeddable":true,"href":"https:\/\/www.rosswald-bahnen.ch\/fr\/wp-json\/wp\/v2\/pages\/2657"}],"wp:attachment":[{"href":"https:\/\/www.rosswald-bahnen.ch\/fr\/wp-json\/wp\/v2\/media?parent=2474"}],"curies":[{"name":"wp","href":"https:\/\/api.w.org\/{rel}","templated":true}]}}